{"id":21026,"date":"2024-09-20T08:42:31","date_gmt":"2024-09-20T06:42:31","guid":{"rendered":"https:\/\/www.folien-arbeiter.de\/blog\/?post_type=product&#038;p=21026"},"modified":"2026-01-10T14:07:06","modified_gmt":"2026-01-10T12:07:06","slug":"campingzaun-lmg-8-meter","status":"publish","type":"product","link":"https:\/\/www.folien-arbeiter.de\/blog\/produkt\/campingzaun-lmg-8-meter\/","title":{"rendered":"Camping Hundezaun LiteModGuard-8 Meter"},"content":{"rendered":"\t\t<div data-elementor-type=\"product-post\" data-elementor-id=\"21026\" class=\"elementor elementor-21026\" data-elementor-post-type=\"product\">\n\t\t\t\t\t\t<section class=\"wd-negative-gap elementor-section elementor-top-section elementor-element elementor-element-ca4859f elementor-section-boxed elementor-section-height-default elementor-section-height-default\" data-id=\"ca4859f\" data-element_type=\"section\" data-e-type=\"section\">\n\t\t\t\t\t\t<div class=\"elementor-container elementor-column-gap-default\">\n\t\t\t\t\t<div class=\"elementor-column elementor-col-100 elementor-top-column elementor-element elementor-element-1e717a7d\" data-id=\"1e717a7d\" data-element_type=\"column\" data-e-type=\"column\">\n\t\t\t<div class=\"elementor-widget-wrap elementor-element-populated\">\n\t\t\t\t\t\t<div class=\"elementor-element elementor-element-6aefd15 elementor-widget elementor-widget-video\" data-id=\"6aefd15\" data-element_type=\"widget\" data-e-type=\"widget\" data-settings=\"{&quot;youtube_url&quot;:&quot;https:\\\/\\\/youtu.be\\\/_sHikdUK6Po&quot;,&quot;video_type&quot;:&quot;youtube&quot;,&quot;controls&quot;:&quot;yes&quot;}\" data-widget_type=\"video.default\">\n\t\t\t\t\t\t\t<div class=\"elementor-wrapper elementor-open-inline\">\n\t\t\t<div class=\"elementor-video\"><\/div>\t\t<\/div>\n\t\t\t\t\t\t<\/div>\n\t\t\t\t<div class=\"elementor-element elementor-element-6928898e color-scheme-inherit text-left elementor-widget elementor-widget-text-editor\" data-id=\"6928898e\" data-element_type=\"widget\" data-e-type=\"widget\" data-widget_type=\"text-editor.default\">\n\t\t\t\t\t\t\t\t\t<div class=\"flex max-w-full flex-col flex-grow\"><div class=\"min-h-[20px] text-message flex w-full flex-col items-end gap-2 whitespace-normal break-words [.text-message+&amp;]:mt-5\" dir=\"auto\" data-message-author-role=\"assistant\" data-message-id=\"21c036ef-d1ee-434b-879d-7241c8e17fba\"><div class=\"flex w-full flex-col gap-1 empty:hidden first:pt-[3px]\"><div class=\"markdown prose w-full break-words dark:prose-invert light\"><h4>Camping-Hundezaun <strong data-start=\"1413\" data-end=\"1429\">LiteModGuard<\/strong> \u2013 8 Meter Freiheit und Sicherheit f\u00fcr Ihr Haustier<\/h4><p>Wenn Sie mit Ihrem Hund unterwegs sind, brauchen Sie eine zuverl\u00e4ssige und einfache L\u00f6sung, um ihm einen sicheren Raum zu bieten. Der <strong>Camping-Hundezaun\u00a0<\/strong><strong data-start=\"1413\" data-end=\"1429\">LiteModGuard<\/strong> bietet genau das: Mit seiner modularen Struktur aus 8 Metern Gesamtfl\u00e4che sorgt er daf\u00fcr, dass Ihr Haustier die Freiheit genie\u00dfen kann. Der <strong>Camping Hundezaun LiteModGuard-8 Meter<\/strong> ist ideal f\u00fcr Hundebesitzer, die unterwegs sind.<\/p><h5>Leicht, robust und flexibel<\/h5><p>Der Zaun besteht aus 110 x 87 cm gro\u00dfen, leichten Aluminium-Modulen, die einfach miteinander verbunden werden. Trotz seines geringen Gewichts bietet der Zaun die notwendige Stabilit\u00e4t, um auch gr\u00f6\u00dfere oder aktivere Hunde zu sichern. Die flexiblen Verbindungselemente erm\u00f6glichen eine schnelle Anpassung des Zauns an die gew\u00fcnschte Gr\u00f6\u00dfe und Form, sodass Sie das Areal je nach Platzbedarf und Umgebung individuell gestalten k\u00f6nnen.<\/p><h5>Sicher und privat<\/h5><p>Neben seiner Stabilit\u00e4t bietet der Zaun auch einen gewissen Sichtschutz, besonders wenn er mit einem individuell bedruckten Mesh-Banner versehen wird. Dadurch wird nicht nur die Sicherheit erh\u00f6ht, sondern auch die Ablenkung f\u00fcr Ihren Hund minimiert. Er kann sich in seinem abgegrenzten Bereich entspannen, w\u00e4hrend Sie sich auf Ihre Aktivit\u00e4ten konzentrieren.<\/p><h5>Einfacher Aufbau \u2013 Ideal f\u00fcr unterwegs<\/h5><p>Dank seiner flexiblen Konstruktion l\u00e4sst sich der Zaun einfach und schnell ohne Werkzeug aufbauen. Perfekt f\u00fcr Campingausfl\u00fcge, Wochenendtrips oder andere Outdoor-Abenteuer. Die Module sind wetterfest und f\u00fcr den Dauereinsatz im Freien geeignet, sodass sie lange haltbar bleiben und viele Campingausfl\u00fcge \u00fcberstehen.<\/p><h5>Ideal f\u00fcr alle Hundegr\u00f6\u00dfen<\/h5><p>Ob Sie einen kleinen Hund oder mehrere gro\u00dfe Hunde sichern m\u00fcssen \u2013 der <strong>Camping-Hundezaun\u00a0<\/strong><strong data-start=\"1413\" data-end=\"1429\">LiteModGuard<\/strong> ist die perfekte Wahl. Die Module lassen sich individuell anpassen, sodass Sie sowohl kleine als auch gr\u00f6\u00dfere Bereiche f\u00fcr Ihren Hund einrichten k\u00f6nnen. Der Zaun bietet nicht nur Schutz, sondern auch Bewegungsfreiheit, die Ihr Haustier braucht, um sich wohlzuf\u00fchlen.<\/p><h4>Fazit<\/h4><p>Der <strong>Camping-Hundezaun\u00a0<\/strong><strong data-start=\"1413\" data-end=\"1429\">LiteModGuard<\/strong> ist die optimale L\u00f6sung f\u00fcr Hundebesitzer, die mit ihrem Vierbeiner unterwegs sind. Leicht, robust, flexibel und einfach aufzubauen, bietet er 8 Meter sichere Bewegungsfreiheit und Schutz \u2013 perfekt f\u00fcr jedes Abenteuer. Nutzen Sie den <strong>Camping Hundezaun LiteModGuard-8 Meter<\/strong> f\u00fcr Ihre Ausfl\u00fcge.<\/p><hr \/><p><strong>Technische Details<\/strong>:<\/p><ul><li><strong>L\u00e4nge<\/strong>: 8 Meter (bestehend aus modularen Elementen)<\/li><li><strong>H\u00f6he<\/strong>: 87 cm pro Modul<\/li><li><strong>Material<\/strong>: Leichte Aluminium-Module mit wetterfesten Flexverbindern<\/li><li><strong>Anpassungsf\u00e4hig<\/strong>: Module k\u00f6nnen flexibel miteinander verbunden und in verschiedenen Formen aufgestellt werden<\/li><\/ul><\/div>\t\t\t\t\t\t\t\t<\/div>\n\t\t\t\t<div class=\"elementor-element elementor-element-04bd987 color-scheme-inherit text-left elementor-widget elementor-widget-text-editor\" data-id=\"04bd987\" data-element_type=\"widget\" data-e-type=\"widget\" data-widget_type=\"text-editor.default\">\n\t\t\t\t\t\t\t\t\t<div class=\"mb-2 flex gap-3 empty:hidden -ml-2\"><div class=\"items-center justify-start rounded-xl p-1 flex\"><div class=\"flex items-center\">\u00a0<\/div><\/div><\/div>\t\t\t\t\t\t\t\t<\/div>\n\t\t\t\t\t<\/div>\n\t\t<\/div>\n\t\t\t\t\t<\/div>\n\t\t<\/section>\n\t\t\t\t<\/div>\n\t\t","protected":false},"excerpt":{"rendered":"<div class=\"flex flex-grow flex-col gap-3\">\n<div class=\"min-h-[20px] flex items-start overflow-x-auto whitespace-pre-wrap break-words flex-col gap-4\">\n<div class=\"markdown prose w-full break-words dark:prose-invert light\">\n<p>Der <strong>Camping-Hundezaun\u00a0<\/strong><strong data-start=\"1413\" data-end=\"1429\">LiteModGuard<\/strong> bietet Ihrem Haustier 8 Meter sichere Bewegungsfreiheit beim Campen. Dank der leichten und robusten Module ist der Zaun einfach aufzustellen und flexibel anpassbar. Ideal f\u00fcr unterwegs, sorgt er f\u00fcr einen sicheren, privaten Raum f\u00fcr Ihren Hund \u2013 egal, wo Sie sind.<\/p>\n<ul>\n<li>Der Campingzaun <strong data-start=\"1413\" data-end=\"1429\">LiteModGuard<\/strong> ist eine innovative L\u00f6sung f\u00fcr Haustierbesitzer, die gerne reisen und campen.<\/li>\n<li>Er besteht aus leichten, aber robusten <strong>Aluminiummodulen<\/strong>, die jeweils <strong>110 x 87<\/strong> Zentimeter messen.<\/li>\n<li>Der Zaun ist flexibel und anpassungsf\u00e4hig, da die Module leicht miteinander verbunden und wie eine Ziehharmonika auseinandergezogen werden k\u00f6nnen.<\/li>\n<li>Der <strong data-start=\"1413\" data-end=\"1429\">LiteModGuard<\/strong> bietet Sicherheit und Privatsph\u00e4re f\u00fcr Haustiere durch ein individuell bedrucktes Mesh-Banner.<\/li>\n<li>Trotz seiner Robustheit und Flexibilit\u00e4t ist der <strong data-start=\"1413\" data-end=\"1429\">LiteModGuard<\/strong> einfach aufzustellen, ohne Werkzeug.<\/li>\n<li>Der Campingzaun LiteModGuard ist mehr als nur eine praktische L\u00f6sung \u2013 er bietet Komfort, Sicherheit und einen sicheren R\u00fcckzugsort f\u00fcr Haustiere.<\/li>\n<li>Die Hauptstruktur des Campingzauns besteht aus 8 Elementen mit stabilen Flexverbindern.<\/li>\n<li>Es gibt 2 Verbinder f\u00fcr AP-ALU Campingtore und 2 Verbinder f\u00fcr die Keder Leiste, die eine sichere und stabile Verbindung gew\u00e4hrleisten.<\/li>\n<li>Der LiteModGuard ist ideal f\u00fcr Reisen und Campingausfl\u00fcge und erm\u00f6glicht es Haustierbesitzern und ihren Haustieren, die Freiheit des Campinglebens zu genie\u00dfen, ohne Kompromisse bei der Sicherheit und dem Komfort einzugehen<\/li>\n<\/ul>\n<\/div>\n<\/div>\n<\/div>\n","protected":false},"featured_media":16291,"template":"","meta":[],"product_brand":[],"product_cat":[4060],"product_tag":[],"class_list":{"0":"post-21026","1":"product","2":"type-product","3":"status-publish","4":"has-post-thumbnail","6":"product_cat-campinzaun","8":"first","9":"instock","10":"taxable","11":"shipping-taxable","12":"purchasable","13":"product-type-simple"},"_links":{"self":[{"href":"https:\/\/www.folien-arbeiter.de\/blog\/wp-json\/wp\/v2\/product\/21026","targetHints":{"allow":["GET"]}}],"collection":[{"href":"https:\/\/www.folien-arbeiter.de\/blog\/wp-json\/wp\/v2\/product"}],"about":[{"href":"https:\/\/www.folien-arbeiter.de\/blog\/wp-json\/wp\/v2\/types\/product"}],"version-history":[{"count":0,"href":"https:\/\/www.folien-arbeiter.de\/blog\/wp-json\/wp\/v2\/product\/21026\/revisions"}],"wp:featuredmedia":[{"embeddable":true,"href":"https:\/\/www.folien-arbeiter.de\/blog\/wp-json\/wp\/v2\/media\/16291"}],"wp:attachment":[{"href":"https:\/\/www.folien-arbeiter.de\/blog\/wp-json\/wp\/v2\/media?parent=21026"}],"wp:term":[{"taxonomy":"product_brand","embeddable":true,"href":"https:\/\/www.folien-arbeiter.de\/blog\/wp-json\/wp\/v2\/product_brand?post=21026"},{"taxonomy":"product_cat","embeddable":true,"href":"https:\/\/www.folien-arbeiter.de\/blog\/wp-json\/wp\/v2\/product_cat?post=21026"},{"taxonomy":"product_tag","embeddable":true,"href":"https:\/\/www.folien-arbeiter.de\/blog\/wp-json\/wp\/v2\/product_tag?post=21026"}],"curies":[{"name":"wp","href":"https:\/\/api.w.org\/{rel}","templated":true}]}}