{"id":16226,"date":"2023-07-20T13:53:54","date_gmt":"2023-07-20T11:53:54","guid":{"rendered":"https:\/\/www.folien-arbeiter.de\/blog\/?post_type=product&#038;p=16226"},"modified":"2026-01-10T14:01:15","modified_gmt":"2026-01-10T12:01:15","slug":"campingzaun-lmg-7-meter","status":"publish","type":"product","link":"https:\/\/www.folien-arbeiter.de\/blog\/produkt\/campingzaun-lmg-7-meter\/","title":{"rendered":"Camping Hundezaun LiteModGuard -7 Meter"},"content":{"rendered":"\t\t<div data-elementor-type=\"product-post\" data-elementor-id=\"16226\" class=\"elementor elementor-16226\" data-elementor-post-type=\"product\">\n\t\t\t\t\t\t<section class=\"wd-negative-gap elementor-section elementor-top-section elementor-element elementor-element-381668d elementor-section-height-min-height elementor-section-boxed elementor-section-height-default elementor-section-items-middle\" data-id=\"381668d\" data-element_type=\"section\" data-e-type=\"section\" data-settings=\"{&quot;background_background&quot;:&quot;classic&quot;}\">\n\t\t\t\t\t\t<div class=\"elementor-container elementor-column-gap-default\">\n\t\t\t\t\t<div class=\"elementor-column elementor-col-100 elementor-top-column elementor-element elementor-element-25d7954\" data-id=\"25d7954\" data-element_type=\"column\" data-e-type=\"column\">\n\t\t\t<div class=\"elementor-widget-wrap elementor-element-populated\">\n\t\t\t\t\t\t<div class=\"elementor-element elementor-element-2f69279 elementor-widget elementor-widget-heading\" data-id=\"2f69279\" data-element_type=\"widget\" data-e-type=\"widget\" data-widget_type=\"heading.default\">\n\t\t\t\t\t<h2 class=\"elementor-heading-title elementor-size-default\">Camping Hundezaun <strong data-start=\"1413\" data-end=\"1429\">LiteModGuard<\/strong> <\/h2>\t\t\t\t<\/div>\n\t\t\t\t\t<\/div>\n\t\t<\/div>\n\t\t\t\t\t<\/div>\n\t\t<\/section>\n\t\t\t\t<section class=\"wd-negative-gap elementor-section elementor-top-section elementor-element elementor-element-9c04ca8 elementor-section-height-min-height elementor-section-boxed elementor-section-height-default elementor-section-items-middle\" data-id=\"9c04ca8\" data-element_type=\"section\" data-e-type=\"section\">\n\t\t\t\t\t\t<div class=\"elementor-container elementor-column-gap-default\">\n\t\t\t\t\t<div class=\"elementor-column elementor-col-100 elementor-top-column elementor-element elementor-element-532ffbd\" data-id=\"532ffbd\" data-element_type=\"column\" data-e-type=\"column\">\n\t\t\t<div class=\"elementor-widget-wrap elementor-element-populated\">\n\t\t\t\t\t\t<div class=\"elementor-element elementor-element-b5d8e96 elementor-widget elementor-widget-video\" data-id=\"b5d8e96\" data-element_type=\"widget\" data-e-type=\"widget\" data-settings=\"{&quot;youtube_url&quot;:&quot;https:\\\/\\\/youtu.be\\\/_sHikdUK6Po&quot;,&quot;video_type&quot;:&quot;youtube&quot;,&quot;controls&quot;:&quot;yes&quot;}\" data-widget_type=\"video.default\">\n\t\t\t\t\t\t\t<div class=\"elementor-wrapper elementor-open-inline\">\n\t\t\t<div class=\"elementor-video\"><\/div>\t\t<\/div>\n\t\t\t\t\t\t<\/div>\n\t\t\t\t\t<\/div>\n\t\t<\/div>\n\t\t\t\t\t<\/div>\n\t\t<\/section>\n\t\t\t\t<section class=\"wd-negative-gap elementor-section elementor-top-section elementor-element elementor-element-6bda985 elementor-section-boxed elementor-section-height-default elementor-section-height-default\" data-id=\"6bda985\" data-element_type=\"section\" data-e-type=\"section\">\n\t\t\t\t\t\t<div class=\"elementor-container elementor-column-gap-default\">\n\t\t\t\t\t<div class=\"elementor-column elementor-col-100 elementor-top-column elementor-element elementor-element-aeb7f68\" data-id=\"aeb7f68\" data-element_type=\"column\" data-e-type=\"column\">\n\t\t\t<div class=\"elementor-widget-wrap elementor-element-populated\">\n\t\t\t\t\t\t<div class=\"elementor-element elementor-element-df075d4 elementor-widget elementor-widget-heading\" data-id=\"df075d4\" data-element_type=\"widget\" data-e-type=\"widget\" data-widget_type=\"heading.default\">\n\t\t\t\t\t<h2 class=\"elementor-heading-title elementor-size-default\">Campingzaun <strong data-start=\"1413\" data-end=\"1429\">LiteModGuard<\/strong> : Leicht, flexibel und sicher<\/h2>\t\t\t\t<\/div>\n\t\t\t\t<div class=\"elementor-element elementor-element-61688ed color-scheme-inherit text-left elementor-widget elementor-widget-text-editor\" data-id=\"61688ed\" data-element_type=\"widget\" data-e-type=\"widget\" data-widget_type=\"text-editor.default\">\n\t\t\t\t\t\t\t\t\t<p>Wenn Sie ein Haustierbesitzer sind, der das Abenteuer liebt, wissen Sie, wie wichtig es ist, eine sichere und bequeme L\u00f6sung f\u00fcr Ihr Haustier zu haben, wenn Sie unterwegs sind. Hier kommt unser Campingzaun <strong data-start=\"1413\" data-end=\"1429\">LiteModGuard<\/strong> ins Spiel. Dieser innovative Zaun bietet die ideale Kombination aus Leichtigkeit, Flexibilit\u00e4t und Sicherheit, die Sie f\u00fcr Ihre Campingausfl\u00fcge ben\u00f6tigen.<\/p>\t\t\t\t\t\t\t\t<\/div>\n\t\t\t\t\t<\/div>\n\t\t<\/div>\n\t\t\t\t\t<\/div>\n\t\t<\/section>\n\t\t\t\t<section class=\"wd-negative-gap elementor-section elementor-top-section elementor-element elementor-element-cef1b91 elementor-section-boxed elementor-section-height-default elementor-section-height-default\" data-id=\"cef1b91\" data-element_type=\"section\" data-e-type=\"section\">\n\t\t\t\t\t\t<div class=\"elementor-container elementor-column-gap-default\">\n\t\t\t\t\t<div class=\"elementor-column elementor-col-100 elementor-top-column elementor-element elementor-element-242905d\" data-id=\"242905d\" data-element_type=\"column\" data-e-type=\"column\">\n\t\t\t<div class=\"elementor-widget-wrap elementor-element-populated\">\n\t\t\t\t\t\t<section class=\"wd-negative-gap elementor-section elementor-inner-section elementor-element elementor-element-476abde elementor-section-boxed elementor-section-height-default elementor-section-height-default\" data-id=\"476abde\" data-element_type=\"section\" data-e-type=\"section\">\n\t\t\t\t\t\t<div class=\"elementor-container elementor-column-gap-default\">\n\t\t\t\t\t<div class=\"elementor-column elementor-col-50 elementor-inner-column elementor-element elementor-element-9b6a20a\" data-id=\"9b6a20a\" data-element_type=\"column\" data-e-type=\"column\" data-settings=\"{&quot;background_background&quot;:&quot;classic&quot;}\">\n\t\t\t<div class=\"elementor-widget-wrap elementor-element-populated\">\n\t\t\t\t\t\t<div class=\"elementor-element elementor-element-938b192 elementor-widget elementor-widget-heading\" data-id=\"938b192\" data-element_type=\"widget\" data-e-type=\"widget\" data-widget_type=\"heading.default\">\n\t\t\t\t\t<h2 class=\"elementor-heading-title elementor-size-default\">Leicht und robust<\/h2>\t\t\t\t<\/div>\n\t\t\t\t<div class=\"elementor-element elementor-element-1955eda elementor-position-top elementor-widget elementor-widget-image-box\" data-id=\"1955eda\" data-element_type=\"widget\" data-e-type=\"widget\" data-widget_type=\"image-box.default\">\n\t\t\t\t\t<div class=\"elementor-image-box-wrapper\"><figure class=\"elementor-image-box-img\"><img loading=\"lazy\" decoding=\"async\" width=\"1500\" height=\"2000\" src=\"https:\/\/www.folien-arbeiter.de\/blog\/wp-content\/themes\/woodmart\/images\/lazy.svg\" class=\"attachment-full size-full wp-image-21316 wd-lazy-fade\" alt=\"Camping Faltzaun\" data-src=\"https:\/\/www.folien-arbeiter.de\/blog\/wp-content\/uploads\/2025\/07\/LMG-Bild-2025-07-18-um-14.42.39_4f71c14f.jpg\" data-srcset=\"https:\/\/www.folien-arbeiter.de\/blog\/wp-content\/uploads\/2025\/07\/LMG-Bild-2025-07-18-um-14.42.39_4f71c14f.jpg 1500w, https:\/\/www.folien-arbeiter.de\/blog\/wp-content\/uploads\/2025\/07\/LMG-Bild-2025-07-18-um-14.42.39_4f71c14f-225x300.jpg 225w, https:\/\/www.folien-arbeiter.de\/blog\/wp-content\/uploads\/2025\/07\/LMG-Bild-2025-07-18-um-14.42.39_4f71c14f-768x1024.jpg 768w, https:\/\/www.folien-arbeiter.de\/blog\/wp-content\/uploads\/2025\/07\/LMG-Bild-2025-07-18-um-14.42.39_4f71c14f-1152x1536.jpg 1152w, https:\/\/www.folien-arbeiter.de\/blog\/wp-content\/uploads\/2025\/07\/LMG-Bild-2025-07-18-um-14.42.39_4f71c14f-500x667.jpg 500w, https:\/\/www.folien-arbeiter.de\/blog\/wp-content\/uploads\/2025\/07\/LMG-Bild-2025-07-18-um-14.42.39_4f71c14f-700x933.jpg 700w, https:\/\/www.folien-arbeiter.de\/blog\/wp-content\/uploads\/2025\/07\/LMG-Bild-2025-07-18-um-14.42.39_4f71c14f-150x200.jpg 150w\" title=\"\"><\/figure><div class=\"elementor-image-box-content\"><p class=\"elementor-image-box-description\">Der Hunde Campingzaun besteht aus leichten, aber robusten Aluminiummodulen, die jeweils 110 x 87 Zentimeter messen. Trotz seines geringen Gewichts ist der Zaun stark genug, um auch den aktivsten Hunden standzuhalten. Dies macht ihn zur idealen Wahl f\u00fcr Reisen und Campingausfl\u00fcge, bei denen das Gewicht eine wichtige Rolle spielt.<\/p><\/div><\/div>\t\t\t\t<\/div>\n\t\t\t\t\t<\/div>\n\t\t<\/div>\n\t\t\t\t<div class=\"elementor-column elementor-col-50 elementor-inner-column elementor-element elementor-element-395a448\" data-id=\"395a448\" data-element_type=\"column\" data-e-type=\"column\">\n\t\t\t<div class=\"elementor-widget-wrap elementor-element-populated\">\n\t\t\t\t\t\t<div class=\"elementor-element elementor-element-a70f525 elementor-widget elementor-widget-heading\" data-id=\"a70f525\" data-element_type=\"widget\" data-e-type=\"widget\" data-widget_type=\"heading.default\">\n\t\t\t\t\t<h2 class=\"elementor-heading-title elementor-size-default\">Flexibel und anpassungsf\u00e4hig<\/h2>\t\t\t\t<\/div>\n\t\t\t\t<div class=\"elementor-element elementor-element-08c63d0 text-center color-scheme-inherit elementor-widget elementor-widget-text-editor\" data-id=\"08c63d0\" data-element_type=\"widget\" data-e-type=\"widget\" data-widget_type=\"text-editor.default\">\n\t\t\t\t\t\t\t\t\t<p>Eines der herausragenden Merkmale des <strong data-start=\"1413\" data-end=\"1429\">LiteModGuard<\/strong> ist seine Flexibilit\u00e4t. Die Module lassen sich leicht miteinander verbinden und k\u00f6nnen wie eine Ziehharmonika auseinandergezogen werden. Dies erm\u00f6glicht es Ihnen, den Zaun an die Gr\u00f6\u00dfe und Form des Bereichs anzupassen, den Sie f\u00fcr Ihr Haustier abstecken m\u00f6chten. Ob Sie einen kleinen Bereich f\u00fcr einen kleinen Hund oder einen gro\u00dfen Bereich f\u00fcr mehrere Hunde ben\u00f6tigen, der <strong data-start=\"1413\" data-end=\"1429\">LiteModGuard<\/strong> kann sich an Ihre Bed\u00fcrfnisse anpassen.<\/p>\t\t\t\t\t\t\t\t<\/div>\n\t\t\t\t\t<\/div>\n\t\t<\/div>\n\t\t\t\t\t<\/div>\n\t\t<\/section>\n\t\t\t\t\t<\/div>\n\t\t<\/div>\n\t\t\t\t\t<\/div>\n\t\t<\/section>\n\t\t\t\t<section class=\"wd-negative-gap elementor-section elementor-top-section elementor-element elementor-element-01f006e elementor-section-boxed elementor-section-height-default elementor-section-height-default\" data-id=\"01f006e\" data-element_type=\"section\" data-e-type=\"section\">\n\t\t\t\t\t\t<div class=\"elementor-container elementor-column-gap-default\">\n\t\t\t\t\t<div class=\"elementor-column elementor-col-100 elementor-top-column elementor-element elementor-element-a2373b2\" data-id=\"a2373b2\" data-element_type=\"column\" data-e-type=\"column\">\n\t\t\t<div class=\"elementor-widget-wrap elementor-element-populated\">\n\t\t\t\t\t\t<div class=\"elementor-element elementor-element-844a703 elementor-widget elementor-widget-heading\" data-id=\"844a703\" data-element_type=\"widget\" data-e-type=\"widget\" data-widget_type=\"heading.default\">\n\t\t\t\t\t<h2 class=\"elementor-heading-title elementor-size-default\">Sicher und privat<\/h2>\t\t\t\t<\/div>\n\t\t\t\t<div class=\"elementor-element elementor-element-bf7de71 text-center color-scheme-inherit elementor-widget elementor-widget-text-editor\" data-id=\"bf7de71\" data-element_type=\"widget\" data-e-type=\"widget\" data-widget_type=\"text-editor.default\">\n\t\t\t\t\t\t\t\t\t<p>Neben seiner Leichtigkeit und Flexibilit\u00e4t bietet der <strong data-start=\"1413\" data-end=\"1429\">LiteModGuard<\/strong> auch Sicherheit und Privatsph\u00e4re f\u00fcr Ihr Haustier. Die Module sind mit einem individuell bedruckten Mesh-Banner versehen, das nicht nur attraktiv aussieht, sondern auch eine gewisse Privatsph\u00e4re bietet. Ihr Haustier kann sich in seinem eigenen kleinen Bereich entspannen, ohne von der Au\u00dfenwelt abgelenkt zu werden.<\/p>\t\t\t\t\t\t\t\t<\/div>\n\t\t\t\t\t<\/div>\n\t\t<\/div>\n\t\t\t\t\t<\/div>\n\t\t<\/section>\n\t\t\t\t<section class=\"wd-negative-gap elementor-section elementor-top-section elementor-element elementor-element-0a59be9 elementor-section-boxed elementor-section-height-default elementor-section-height-default\" data-id=\"0a59be9\" data-element_type=\"section\" data-e-type=\"section\">\n\t\t\t\t\t\t<div class=\"elementor-container elementor-column-gap-default\">\n\t\t\t\t\t<div class=\"elementor-column elementor-col-100 elementor-top-column elementor-element elementor-element-762d514\" data-id=\"762d514\" data-element_type=\"column\" data-e-type=\"column\">\n\t\t\t<div class=\"elementor-widget-wrap elementor-element-populated\">\n\t\t\t\t\t\t<div class=\"elementor-element elementor-element-476a9bc elementor-widget elementor-widget-heading\" data-id=\"476a9bc\" data-element_type=\"widget\" data-e-type=\"widget\" data-widget_type=\"heading.default\">\n\t\t\t\t\t<h2 class=\"elementor-heading-title elementor-size-default\">Wichtige Artikel Details f\u00fcr den LiteModGuard in 7 Meter l\u00e4nge<\/h2>\t\t\t\t<\/div>\n\t\t\t\t<div class=\"elementor-element elementor-element-05c3f92 elementor-widget elementor-widget-html\" data-id=\"05c3f92\" data-element_type=\"widget\" data-e-type=\"widget\" data-widget_type=\"html.default\">\n\t\t\t\t\t<table>\n<tbody>\n<tr>\n<th>Artikel<\/th>\n<th>Anzahl<\/th>\n<th>Beschreibung<\/th>\n<th>Abmessungen<\/th>\n<\/tr>\n<tr>\n<td>Elemente mit stabilen Flexverbindern<\/td>\n<td>7<\/td>\n<td>Diese Elemente bilden die Hauptstruktur des Campingzauns. Sie sind mit stabilen Flexverbindern ausgestattet, die eine flexible und robuste Verbindung zwischen den Elementen erm\u00f6glichen.<\/td>\n<td>110 cm lang, 87 cm hoch<\/td>\n<\/tr>\n<tr>\n<td>Verbinder f\u00fcr AP-ALU Campingtore<\/td>\n<td>2<\/td>\n<td>Diese Verbinder werden verwendet, um die Campingtore an den Zaun anzuschlie\u00dfen. Sie sind speziell f\u00fcr die Verwendung mit AP-ALU Campingtoren konzipiert.<\/td>\n<td>-<\/td>\n<\/tr>\n<tr>\n<td>Verbinder f\u00fcr die Keder Leiste<\/td>\n<td>2<\/td>\n<td>Diese Verbinder werden verwendet, um die Keder Leiste an den Zaun anzuschlie\u00dfen. Sie sorgen f\u00fcr eine sichere und stabile Verbindung.<\/td>\n<td>-<\/td>\n<\/tr>\n<\/tbody>\n<\/table>\t\t\t\t<\/div>\n\t\t\t\t\t<\/div>\n\t\t<\/div>\n\t\t\t\t\t<\/div>\n\t\t<\/section>\n\t\t\t\t<\/div>\n\t\t","protected":false},"excerpt":{"rendered":"<p data-start=\"254\" data-end=\"552\">Der 7 m lange <strong data-start=\"268\" data-end=\"301\">LiteModGuard Camping-Faltzaun<\/strong> bietet f\u00fcr die meisten Hunde die perfekte Gr\u00f6\u00dfe: Nicht zu gro\u00df, nicht zu klein \u2013 einfach genau richtig. Ob Camping mit der ganzen Familie oder ein l\u00e4ngerer Aufenthalt im Garten, Ihr Vierbeiner kann frei laufen und bleibt dennoch sicher in Ihrer N\u00e4he.<\/p>\n<p data-start=\"554\" data-end=\"829\"><strong data-start=\"554\" data-end=\"580\">Vielseitig einsetzbar:<\/strong> Optimal f\u00fcr mittlere Stellpl\u00e4tze, gro\u00dfe G\u00e4rten oder spontane Ausfl\u00fcge.<br data-start=\"651\" data-end=\"654\" \/><strong data-start=\"654\" data-end=\"679\">Sichere Konstruktion:<\/strong> Stabiler Stand durch hochwertige Steckelemente und Erdspie\u00dfe.<br data-start=\"741\" data-end=\"744\" \/><strong data-start=\"744\" data-end=\"768\">Einfache Handhabung:<\/strong> Im Nu aufgebaut und bei Bedarf wieder platzsparend verstaut.<\/p>\n<p data-start=\"831\" data-end=\"1014\">Starten Sie Ihren entspannten Urlaub oder Wochenendeinsatz im Gr\u00fcnen, ohne sich um das st\u00e4ndige Anleinen zu k\u00fcmmern. Jetzt entdecken und mehr Freiheit f\u00fcr Sie und Ihren Hund schaffen!<\/p>\n<p data-start=\"1016\" data-end=\"1636\" data-is-last-node=\"\" data-is-only-node=\"\">Der <strong data-start=\"1020\" data-end=\"1048\">Campingzaun LiteModGuard<\/strong> ist mehr als nur eine praktische L\u00f6sung \u2013 er bietet Komfort, Sicherheit und einen sicheren R\u00fcckzugsort f\u00fcr Haustiere.<br data-start=\"1166\" data-end=\"1169\" \/>Die Hauptstruktur des Campingzauns besteht aus <strong data-start=\"1216\" data-end=\"1231\">7 Elementen<\/strong> mit stabilen Flexverbindern.<br data-start=\"1260\" data-end=\"1263\" \/>Es gibt <strong data-start=\"1271\" data-end=\"1309\">2 Verbinder f\u00fcr AP-ALU Campingtore<\/strong> und <strong data-start=\"1314\" data-end=\"1350\">2 Verbinder f\u00fcr die Keder Leiste<\/strong>, die eine sichere und stabile Verbindung gew\u00e4hrleisten.<br data-start=\"1406\" data-end=\"1409\" \/>Der <strong data-start=\"1413\" data-end=\"1429\">LiteModGuard<\/strong> ist ideal f\u00fcr Reisen und Campingausfl\u00fcge und erm\u00f6glicht es Haustierbesitzern und ihren Haustieren, die Freiheit des Campinglebens zu genie\u00dfen, ohne Kompromisse bei der Sicherheit und dem Komfort einzugehen.<\/p>\n","protected":false},"featured_media":21511,"template":"","meta":[],"product_brand":[],"product_cat":[4060],"product_tag":[],"class_list":{"0":"post-16226","1":"product","2":"type-product","3":"status-publish","4":"has-post-thumbnail","6":"product_cat-campinzaun","8":"first","9":"instock","10":"taxable","11":"shipping-taxable","12":"purchasable","13":"product-type-simple"},"_links":{"self":[{"href":"https:\/\/www.folien-arbeiter.de\/blog\/wp-json\/wp\/v2\/product\/16226","targetHints":{"allow":["GET"]}}],"collection":[{"href":"https:\/\/www.folien-arbeiter.de\/blog\/wp-json\/wp\/v2\/product"}],"about":[{"href":"https:\/\/www.folien-arbeiter.de\/blog\/wp-json\/wp\/v2\/types\/product"}],"version-history":[{"count":0,"href":"https:\/\/www.folien-arbeiter.de\/blog\/wp-json\/wp\/v2\/product\/16226\/revisions"}],"wp:featuredmedia":[{"embeddable":true,"href":"https:\/\/www.folien-arbeiter.de\/blog\/wp-json\/wp\/v2\/media\/21511"}],"wp:attachment":[{"href":"https:\/\/www.folien-arbeiter.de\/blog\/wp-json\/wp\/v2\/media?parent=16226"}],"wp:term":[{"taxonomy":"product_brand","embeddable":true,"href":"https:\/\/www.folien-arbeiter.de\/blog\/wp-json\/wp\/v2\/product_brand?post=16226"},{"taxonomy":"product_cat","embeddable":true,"href":"https:\/\/www.folien-arbeiter.de\/blog\/wp-json\/wp\/v2\/product_cat?post=16226"},{"taxonomy":"product_tag","embeddable":true,"href":"https:\/\/www.folien-arbeiter.de\/blog\/wp-json\/wp\/v2\/product_tag?post=16226"}],"curies":[{"name":"wp","href":"https:\/\/api.w.org\/{rel}","templated":true}]}}