{"id":16068,"date":"2023-03-15T19:56:55","date_gmt":"2023-03-15T17:56:55","guid":{"rendered":"https:\/\/www.folien-arbeiter.de\/blog\/?post_type=product&#038;p=16068"},"modified":"2024-09-20T13:56:53","modified_gmt":"2024-09-20T11:56:53","slug":"40-ist-nur-eine-zahl-personalisierter-geburtstagsbanner-mit-erinnerungen","status":"publish","type":"product","link":"https:\/\/www.folien-arbeiter.de\/blog\/produkt\/40-ist-nur-eine-zahl-personalisierter-geburtstagsbanner-mit-erinnerungen\/","title":{"rendered":"40 ist nur eine Zahl &#8211; personalisierter Geburtstagsbanner mit Erinnerungen"},"content":{"rendered":"<p>Feiern Sie den 40. Geburtstag Ihrer Lieben mit diesem personalisierten Banner! Das Banner ist 130&#215;100 cm gro\u00df und aus strapazierf\u00e4higem Mesh PVC Material hergestellt. Er ist ges\u00e4umt und verf\u00fcgt \u00fcber 6 \u00d6sen zur einfachen Befestigung.<\/p>\n<p>Das Design des Banners enth\u00e4lt platz f\u00fcr zwei Fotos, die links und rechts vom Banner platziert werden k\u00f6nnen. In der Mitte des Banners befinden sich zwei sich \u00fcberschneidende Kreise, die das Thema des Anlasses unterstreichen. Etwas tiefer befindet sich ein Rechteck mit dem Text &#8222;Happy Birthday&#8220;. Darunter wird der Name des Geburtstagskindes in einer stilvollen <em>Petrolfarbene<\/em> Schrift platziert. Das Design wird durch den Spruch &#8222;40 ist nur eine Zahl, das Leben z\u00e4hlt&#8220; abgerundet.<\/p>\n<p>Dieser personalisierte Banner ist ein wundersch\u00f6nes Geschenk f\u00fcr jemanden, der seinen 40. Geburtstag feiert. Das strapazierf\u00e4hige Material und die stabilen \u00d6sen machen es einfach, den Banner an einer Wand, einem Zaun oder einem anderen Ort zu befestigen. Das Banner wird sicherlich ein Highlight auf der Feier des Geburtstagskindes sein und ein unvergessliches Andenken an diesen besonderen Anlass bieten.<\/p>\n<p>Bestellen Sie noch heute dieses personalisierte Geburtstagsbanner und sorgen Sie daf\u00fcr, dass der 40. Geburtstag Ihrer Lieben zu einem unvergesslichen Ereignis wird!<\/p>\n<h3>Merkmale:<\/h3>\n<div class=\"flex flex-grow flex-col gap-3\">\n<div class=\"min-h-[20px] flex flex-col items-start gap-4 whitespace-pre-wrap\">\n<div class=\"markdown prose w-full break-words dark:prose-invert light\">\n<ul>\n<li>Personalisierter Banner zum 40. Geburtstag<\/li>\n<li>Gr\u00f6\u00dfe: 130&#215;100 cm<\/li>\n<li>Material: strapazierf\u00e4higes Mesh PVC<\/li>\n<li>Design mit 2 Fotos, Namen, Spruch und Rechteck mit &#8222;Happy Birthday&#8220;<\/li>\n<li>6 \u00d6sen zur einfachen Befestigung<\/li>\n<li>Geeignet f\u00fcr den Innen- und Au\u00dfenbereich<\/li>\n<li>Wetterfest und langlebig<\/li>\n<li>Stilvolle <em>Petrolfarbene<\/em> Schrift f\u00fcr Namen und Spruch<\/li>\n<li>Eine perfekte M\u00f6glichkeit, um den 40. Geburtstag eines geliebten Menschen zu feiern<\/li>\n<li>Eine wunderbare Erinnerung an den besonderen Anlass, die das Geburtstagskind f\u00fcr immer behalten kann.<\/li>\n<\/ul>\n<\/div>\n<\/div>\n<\/div>\n","protected":false},"excerpt":{"rendered":"<p>Feiern Sie den 40. Geburtstag Ihrer Lieben mit diesem personalisierten Banner! Der Banner ist aus strapazierf\u00e4higem Mesh PVC Material hergestellt und verf\u00fcgt \u00fcber ein einzigartiges Design mit 2 Fotos, Namen, einem Spruch und einem Rechteck mit &#8222;Happy Birthday&#8220;. Mit einer Gr\u00f6\u00dfe von 130&#215;100 cm ist der Banner gro\u00df genug, um die Aufmerksamkeit auf sich zu ziehen, aber dennoch leicht zu transportieren. Die stabilen \u00d6sen erm\u00f6glichen eine einfache Befestigung an W\u00e4nden, Z\u00e4unen oder anderen Orten im Innen- oder Au\u00dfenbereich. Dieser personalisierte Banner ist ein wundersch\u00f6nes Geschenk f\u00fcr jemanden, der seinen 40. Geburtstag feiert, und eine wunderbare M\u00f6glichkeit, diesen besonderen Anlass zu feiern und f\u00fcr immer in Erinnerung zu behalten.<\/p>\n","protected":false},"featured_media":16093,"template":"","meta":[],"product_brand":[],"product_cat":[4047],"product_tag":[],"class_list":{"0":"post-16068","1":"product","2":"type-product","3":"status-publish","4":"has-post-thumbnail","6":"product_cat-geburtstag-banner-online-gestalten","8":"first","9":"instock","10":"taxable","11":"shipping-taxable","12":"purchasable","13":"product-type-simple"},"_links":{"self":[{"href":"https:\/\/www.folien-arbeiter.de\/blog\/wp-json\/wp\/v2\/product\/16068","targetHints":{"allow":["GET"]}}],"collection":[{"href":"https:\/\/www.folien-arbeiter.de\/blog\/wp-json\/wp\/v2\/product"}],"about":[{"href":"https:\/\/www.folien-arbeiter.de\/blog\/wp-json\/wp\/v2\/types\/product"}],"version-history":[{"count":0,"href":"https:\/\/www.folien-arbeiter.de\/blog\/wp-json\/wp\/v2\/product\/16068\/revisions"}],"wp:featuredmedia":[{"embeddable":true,"href":"https:\/\/www.folien-arbeiter.de\/blog\/wp-json\/wp\/v2\/media\/16093"}],"wp:attachment":[{"href":"https:\/\/www.folien-arbeiter.de\/blog\/wp-json\/wp\/v2\/media?parent=16068"}],"wp:term":[{"taxonomy":"product_brand","embeddable":true,"href":"https:\/\/www.folien-arbeiter.de\/blog\/wp-json\/wp\/v2\/product_brand?post=16068"},{"taxonomy":"product_cat","embeddable":true,"href":"https:\/\/www.folien-arbeiter.de\/blog\/wp-json\/wp\/v2\/product_cat?post=16068"},{"taxonomy":"product_tag","embeddable":true,"href":"https:\/\/www.folien-arbeiter.de\/blog\/wp-json\/wp\/v2\/product_tag?post=16068"}],"curies":[{"name":"wp","href":"https:\/\/api.w.org\/{rel}","templated":true}]}}