{"id":15670,"date":"2021-11-13T08:04:19","date_gmt":"2021-11-13T07:04:19","guid":{"rendered":"https:\/\/www.folien-arbeiter.de\/blog\/?post_type=product&#038;p=15670"},"modified":"2025-11-26T12:08:40","modified_gmt":"2025-11-26T10:08:40","slug":"hochzeitsbanner-goldenen-hochzeit-ringe-gold","status":"publish","type":"product","link":"https:\/\/www.folien-arbeiter.de\/blog\/produkt\/hochzeitsbanner-goldenen-hochzeit-ringe-gold\/","title":{"rendered":"Hochzeitsbanner-goldenen Hochzeit Ringe Gold"},"content":{"rendered":"<h2>Gl\u00fcckw\u00fcnsche zur goldenen Hochzeit -Ringe Gold &#8211; wetterfest und individuell gestaltet<\/h2>\n<p>Sie suchen nach einer ausgefallenen Geschenkidee? Dann ist das Banner zur Hochzeit die perfekte L\u00f6sung. Das hochwertige Banner im Gro\u00dfformat wird von uns nach Ihren Vorgaben bedruckt. Einfach ausrollen und aufstellen &#8211; fertig ist Ihr ganz pers\u00f6nliches Geschenk.<\/p>\n<p>&nbsp;<\/p>\n<p>&nbsp;<\/p>\n<p>&nbsp;<\/p>\n<p>&nbsp;<\/p>\n","protected":false},"excerpt":{"rendered":"<h2>Ein Banner zur goldenen Hochzeit\u00a0-Ringe Gold &#8211; wetterfest und individuell gestaltet<\/h2>\n<p>Mesh Banner zur Hochzeit selbst gestalten<br \/>\nHochaufl\u00f6sender Digitaldruck auf Meshbanner rundum ges\u00e4umt &amp; ge\u00f6st.<br \/>\nEine wundersch\u00f6ne pers\u00f6nliche Geschenkidee zur Hochzeit oder zum Hochzeitstag!<br \/>\n<em><strong>Bannerformat:\u00a0 1,30 cm\u00a0 x 100 cm<\/strong><\/em><\/p>\n<h5>Deine Vorteile auf einem Blick:<\/h5>\n<ul>\n<li>Personalisierung: Bild, Datum, Namen<\/li>\n<li>Gut verstaubar, sehr leicht<\/li>\n<li>Knick unempfindlich<\/li>\n<li>Wetterfest<\/li>\n<li>Saum und \u00d6sen zur leichten Anbringung<\/li>\n<\/ul>\n","protected":false},"featured_media":15671,"template":"","meta":[],"product_brand":[],"product_cat":[4049],"product_tag":[],"class_list":{"0":"post-15670","1":"product","2":"type-product","3":"status-publish","4":"has-post-thumbnail","6":"product_cat-hochzeitsbanner","8":"first","9":"instock","10":"taxable","11":"shipping-taxable","12":"purchasable","13":"product-type-simple"},"_links":{"self":[{"href":"https:\/\/www.folien-arbeiter.de\/blog\/wp-json\/wp\/v2\/product\/15670","targetHints":{"allow":["GET"]}}],"collection":[{"href":"https:\/\/www.folien-arbeiter.de\/blog\/wp-json\/wp\/v2\/product"}],"about":[{"href":"https:\/\/www.folien-arbeiter.de\/blog\/wp-json\/wp\/v2\/types\/product"}],"version-history":[{"count":0,"href":"https:\/\/www.folien-arbeiter.de\/blog\/wp-json\/wp\/v2\/product\/15670\/revisions"}],"wp:featuredmedia":[{"embeddable":true,"href":"https:\/\/www.folien-arbeiter.de\/blog\/wp-json\/wp\/v2\/media\/15671"}],"wp:attachment":[{"href":"https:\/\/www.folien-arbeiter.de\/blog\/wp-json\/wp\/v2\/media?parent=15670"}],"wp:term":[{"taxonomy":"product_brand","embeddable":true,"href":"https:\/\/www.folien-arbeiter.de\/blog\/wp-json\/wp\/v2\/product_brand?post=15670"},{"taxonomy":"product_cat","embeddable":true,"href":"https:\/\/www.folien-arbeiter.de\/blog\/wp-json\/wp\/v2\/product_cat?post=15670"},{"taxonomy":"product_tag","embeddable":true,"href":"https:\/\/www.folien-arbeiter.de\/blog\/wp-json\/wp\/v2\/product_tag?post=15670"}],"curies":[{"name":"wp","href":"https:\/\/api.w.org\/{rel}","templated":true}]}}