{"id":15632,"date":"2021-11-03T14:49:21","date_gmt":"2021-11-03T13:49:21","guid":{"rendered":"https:\/\/www.folien-arbeiter.de\/blog\/?post_type=product&#038;p=15632"},"modified":"2024-10-04T09:06:30","modified_gmt":"2024-10-04T07:06:30","slug":"geburtstagsbanner-mit-4-bildern-und-wunschtext","status":"publish","type":"product","link":"https:\/\/www.folien-arbeiter.de\/blog\/produkt\/geburtstagsbanner-mit-4-bildern-und-wunschtext\/","title":{"rendered":"Geburtstagsbanner mit 4 Bildern und Wunschtext"},"content":{"rendered":"\t\t<div data-elementor-type=\"wp-post\" data-elementor-id=\"15632\" class=\"elementor elementor-15632\" data-elementor-post-type=\"product\">\n\t\t\t\t\t\t<section class=\"wd-negative-gap elementor-section elementor-top-section elementor-element elementor-element-bd9d94f elementor-section-boxed elementor-section-height-default elementor-section-height-default\" data-id=\"bd9d94f\" data-element_type=\"section\" data-e-type=\"section\">\n\t\t\t\t\t\t<div class=\"elementor-container elementor-column-gap-default\">\n\t\t\t\t\t<div class=\"elementor-column elementor-col-100 elementor-top-column elementor-element elementor-element-43885a0a\" data-id=\"43885a0a\" data-element_type=\"column\" data-e-type=\"column\">\n\t\t\t<div class=\"elementor-widget-wrap elementor-element-populated\">\n\t\t\t\t\t\t<div class=\"elementor-element elementor-element-7313c5bf color-scheme-inherit text-left elementor-widget elementor-widget-text-editor\" data-id=\"7313c5bf\" data-element_type=\"widget\" data-e-type=\"widget\" data-widget_type=\"text-editor.default\">\n\t\t\t\t\t\t\t\t\t<h2>Geburtstagsbanner &#8211; wetterfest und individuell gestaltet<\/h2><p>Sie suchen nach einer ausgefallenen Geschenkidee? Dann ist das Geburtstagsbanner die perfekte L\u00f6sung. Das hochwertige Banner im Gro\u00dfformat wird von uns nach Ihren Vorgaben bedruckt. Einfach ausrollen und aufstellen &#8211; fertig ist Ihr ganz pers\u00f6nliches Geschenk.<\/p><h3>\u00dcberraschen Sie einen geliebten Menschen<\/h3><p>mit einem Geburtstagsplakat oder auch Geburtstagslacken, das individuell gestaltete Geburtstags Banner ist eine hervorragende Alternative, wenn Ihnen Geschenke von der Stange zum Hals heraush\u00e4ngen. \u00dcberraschen Sie das Geburtstagskind mit einem ganz pers\u00f6nlichen Gru\u00df, der zugleich als tolle Erinnerung an den Geburtstag dient. Das Banner eignet sich besonders f\u00fcr runde Geburtstage oder ein besonderes Jubil\u00e4um. Ob im Verein, f\u00fcr die beste Freundin oder einen Arbeitskollegen: Mit dieser \u00dcberraschung liegen Sie garantiert goldrichtig.<\/p><p>\u00a0<\/p><h3>Ihr Geburtstagsbanner im hochaufl\u00f6senden Digitaldruck<\/h3><p>Ihr Geburtstagsbanner bedrucken wir im hochaufl\u00f6senden Digitaldruck mit Ihrem Wunschmotiv. Sie erhalten ein hochwertiges und langlebiges Erinnerungsst\u00fcck an den Geburtstag. Das Banner ist wetterfest, knick unempfindlich und durch das geringe Gewicht einfach zu transportieren. So steht Ihnen v\u00f6llig frei, an welchem Ort Sie Ihr Banner platzieren.<\/p><h2><a href=\"https:\/\/www.folien-arbeiter.de\/blog\/create-your-own\/?product_id=13717&amp;variation_id=0&amp;reference=b6c55311611646042s&amp;nbd_share_id=b6c55311611646042s&amp;t=1611747454176\">Jetzt personalisierte Banner kaufen<\/a><\/h2><p>\u00a0<\/p><p>Ein selbst gestaltetes Geburtstagsbanner ist der Blickfang auf jeder Party. Ob im Freundeskreis, unter Kollegen oder in der Familie: Mit einem personalisierten Banner zeigen Sie dem Geburtstagskind Ihre Wertsch\u00e4tzung. Entwerfen Sie jetzt Ihr eigenes Motiv und bestellen Sie Ihr Geburtstagsbanner g\u00fcnstig online.<\/p><p>Geburtstagsplakat oder auch Geburtstagslacken werden aus unserer Netzgitterplane gefertigt. Die Plane ist Wind durchl\u00e4ssig und nur 50 % der Windlast ausgesetzt.<\/p><p>\u00a0<\/p><h3>Der besondere H\u00f6hepunkt: Ein Geburtstagsbanner aus Meshplane<\/h3><p>Den Geburtstag ganz gro\u00df rauskommen lassen, wie es sich an diesem Ehrentag geh\u00f6rt. Egal ob 18., 20., 25., 30. &#8230;. oder 60. Geburtstag, ein <strong>Happy Birthday-Banner<\/strong> erfreut einfach jeden! Unsere Mesh Deko-Banner geh\u00f6ren zur perfekten <strong>Geburtstagsdekoration<\/strong> einfach dazu.<\/p><p><img decoding=\"async\" class=\" wd-lazy-fade alignright wp-image-15348\" src=\"https:\/\/www.folien-arbeiter.de\/blog\/wp-content\/themes\/woodmart\/images\/lazy.svg\" data-src=\"https:\/\/www.folien-arbeiter.de\/blog\/wp-content\/uploads\/2019\/12\/girl-812482_640.jpg\" alt=\"\" width=\"243\" height=\"173\" title=\"\" srcset=\"\" data-srcset=\"https:\/\/www.folien-arbeiter.de\/blog\/wp-content\/uploads\/2019\/12\/girl-812482_640.jpg 640w, https:\/\/www.folien-arbeiter.de\/blog\/wp-content\/uploads\/2019\/12\/girl-812482_640-500x356.jpg 500w, https:\/\/www.folien-arbeiter.de\/blog\/wp-content\/uploads\/2019\/12\/girl-812482_640-150x107.jpg 150w, https:\/\/www.folien-arbeiter.de\/blog\/wp-content\/uploads\/2019\/12\/girl-812482_640-300x214.jpg 300w\" sizes=\"(max-width: 243px) 100vw, 243px\" \/><strong>Auch zum Kindergeburtstag<\/strong><br \/>kann die PVC\u00a0 Meshplane ganz einfach gestaltet werden und so zum H\u00f6hepunkt der\u00a0 Kinder \u2013 Geburtstagsparty werden.<br \/><a href=\"https:\/\/www.folien-arbeiter.de\/blog\/create-your-own\/?product_id=13717&amp;variation_id=0&amp;reference=93217491614063303s&amp;nbd_share_id=93217491614063303s&amp;t=1614063307188\">Lege jetzt gleich los und gestalte Deinen Party-Banner<\/a><\/p><p>\u00a0<\/p><p>\u00a0<\/p><p>\u00a0<\/p>\t\t\t\t\t\t\t\t<\/div>\n\t\t\t\t\t<\/div>\n\t\t<\/div>\n\t\t\t\t\t<\/div>\n\t\t<\/section>\n\t\t\t\t<section class=\"wd-negative-gap elementor-section elementor-top-section elementor-element elementor-element-13b7924 elementor-section-boxed elementor-section-height-default elementor-section-height-default\" data-id=\"13b7924\" data-element_type=\"section\" data-e-type=\"section\">\n\t\t\t\t\t\t<div class=\"elementor-container elementor-column-gap-default\">\n\t\t\t\t\t<div class=\"elementor-column elementor-col-25 elementor-top-column elementor-element elementor-element-1a59fac\" data-id=\"1a59fac\" data-element_type=\"column\" data-e-type=\"column\">\n\t\t\t<div class=\"elementor-widget-wrap elementor-element-populated\">\n\t\t\t\t\t\t<div class=\"elementor-element elementor-element-de39474 elementor-widget elementor-widget-image\" data-id=\"de39474\" data-element_type=\"widget\" data-e-type=\"widget\" data-widget_type=\"image.default\">\n\t\t\t\t\t\t\t\t\t\t\t\t<figure class=\"wp-caption\">\n\t\t\t\t\t\t\t\t\t\t<img decoding=\"async\" width=\"1024\" height=\"829\" src=\"https:\/\/www.folien-arbeiter.de\/blog\/wp-content\/themes\/woodmart\/images\/lazy.svg\" class=\"attachment-large size-large wp-image-15510 wd-lazy-fade\" alt=\"\" srcset=\"\" sizes=\"(max-width: 1024px) 100vw, 1024px\" data-src=\"https:\/\/www.folien-arbeiter.de\/blog\/wp-content\/uploads\/2019\/12\/frame_01-1024x829.png\" data-srcset=\"https:\/\/www.folien-arbeiter.de\/blog\/wp-content\/uploads\/2019\/12\/frame_01-1024x829.png 1024w, https:\/\/www.folien-arbeiter.de\/blog\/wp-content\/uploads\/2019\/12\/frame_01-500x405.png 500w, https:\/\/www.folien-arbeiter.de\/blog\/wp-content\/uploads\/2019\/12\/frame_01-150x122.png 150w, https:\/\/www.folien-arbeiter.de\/blog\/wp-content\/uploads\/2019\/12\/frame_01-700x567.png 700w, https:\/\/www.folien-arbeiter.de\/blog\/wp-content\/uploads\/2019\/12\/frame_01-300x243.png 300w, https:\/\/www.folien-arbeiter.de\/blog\/wp-content\/uploads\/2019\/12\/frame_01-768x622.png 768w, https:\/\/www.folien-arbeiter.de\/blog\/wp-content\/uploads\/2019\/12\/frame_01-1000x810.png 1000w, https:\/\/www.folien-arbeiter.de\/blog\/wp-content\/uploads\/2019\/12\/frame_01.png 1200w\" title=\"\">\t\t\t\t\t\t\t\t\t\t\t<figcaption class=\"widget-image-caption wp-caption-text\">Banner Wechsel  z.b. 29 \/ 30<\/figcaption>\n\t\t\t\t\t\t\t\t\t\t<\/figure>\n\t\t\t\t\t\t\t\t\t<\/div>\n\t\t\t\t\t<\/div>\n\t\t<\/div>\n\t\t\t\t<div class=\"elementor-column elementor-col-25 elementor-top-column elementor-element elementor-element-acd75e1\" data-id=\"acd75e1\" data-element_type=\"column\" data-e-type=\"column\">\n\t\t\t<div class=\"elementor-widget-wrap elementor-element-populated\">\n\t\t\t\t\t\t<div class=\"elementor-element elementor-element-e408cd0 elementor-widget elementor-widget-image\" data-id=\"e408cd0\" data-element_type=\"widget\" data-e-type=\"widget\" data-widget_type=\"image.default\">\n\t\t\t\t\t\t\t\t\t\t\t\t<figure class=\"wp-caption\">\n\t\t\t\t\t\t\t\t\t\t<img decoding=\"async\" width=\"1024\" height=\"829\" src=\"https:\/\/www.folien-arbeiter.de\/blog\/wp-content\/themes\/woodmart\/images\/lazy.svg\" class=\"attachment-large size-large wp-image-15511 wd-lazy-fade\" alt=\"\" srcset=\"\" sizes=\"(max-width: 1024px) 100vw, 1024px\" data-src=\"https:\/\/www.folien-arbeiter.de\/blog\/wp-content\/uploads\/2019\/12\/frame_01-1-1024x829.png\" data-srcset=\"https:\/\/www.folien-arbeiter.de\/blog\/wp-content\/uploads\/2019\/12\/frame_01-1-1024x829.png 1024w, https:\/\/www.folien-arbeiter.de\/blog\/wp-content\/uploads\/2019\/12\/frame_01-1-500x405.png 500w, https:\/\/www.folien-arbeiter.de\/blog\/wp-content\/uploads\/2019\/12\/frame_01-1-150x122.png 150w, https:\/\/www.folien-arbeiter.de\/blog\/wp-content\/uploads\/2019\/12\/frame_01-1-700x567.png 700w, https:\/\/www.folien-arbeiter.de\/blog\/wp-content\/uploads\/2019\/12\/frame_01-1-300x243.png 300w, https:\/\/www.folien-arbeiter.de\/blog\/wp-content\/uploads\/2019\/12\/frame_01-1-768x622.png 768w, https:\/\/www.folien-arbeiter.de\/blog\/wp-content\/uploads\/2019\/12\/frame_01-1-1000x810.png 1000w, https:\/\/www.folien-arbeiter.de\/blog\/wp-content\/uploads\/2019\/12\/frame_01-1.png 1200w\" title=\"\">\t\t\t\t\t\t\t\t\t\t\t<figcaption class=\"widget-image-caption wp-caption-text\">Banner XX Jahre schon auf dieser Welt<\/figcaption>\n\t\t\t\t\t\t\t\t\t\t<\/figure>\n\t\t\t\t\t\t\t\t\t<\/div>\n\t\t\t\t\t<\/div>\n\t\t<\/div>\n\t\t\t\t<div class=\"elementor-column elementor-col-25 elementor-top-column elementor-element elementor-element-3875e50\" data-id=\"3875e50\" data-element_type=\"column\" data-e-type=\"column\">\n\t\t\t<div class=\"elementor-widget-wrap elementor-element-populated\">\n\t\t\t\t\t\t<div class=\"elementor-element elementor-element-555660c elementor-widget elementor-widget-image\" data-id=\"555660c\" data-element_type=\"widget\" data-e-type=\"widget\" data-widget_type=\"image.default\">\n\t\t\t\t\t\t\t\t\t\t\t\t<figure class=\"wp-caption\">\n\t\t\t\t\t\t\t\t\t\t<img decoding=\"async\" width=\"1024\" height=\"829\" src=\"https:\/\/www.folien-arbeiter.de\/blog\/wp-content\/themes\/woodmart\/images\/lazy.svg\" class=\"attachment-large size-large wp-image-15512 wd-lazy-fade\" alt=\"\" srcset=\"\" sizes=\"(max-width: 1024px) 100vw, 1024px\" data-src=\"https:\/\/www.folien-arbeiter.de\/blog\/wp-content\/uploads\/2019\/12\/frame_01-2-1024x829.png\" data-srcset=\"https:\/\/www.folien-arbeiter.de\/blog\/wp-content\/uploads\/2019\/12\/frame_01-2-1024x829.png 1024w, https:\/\/www.folien-arbeiter.de\/blog\/wp-content\/uploads\/2019\/12\/frame_01-2-500x405.png 500w, https:\/\/www.folien-arbeiter.de\/blog\/wp-content\/uploads\/2019\/12\/frame_01-2-150x122.png 150w, https:\/\/www.folien-arbeiter.de\/blog\/wp-content\/uploads\/2019\/12\/frame_01-2-700x567.png 700w, https:\/\/www.folien-arbeiter.de\/blog\/wp-content\/uploads\/2019\/12\/frame_01-2-300x243.png 300w, https:\/\/www.folien-arbeiter.de\/blog\/wp-content\/uploads\/2019\/12\/frame_01-2-768x622.png 768w, https:\/\/www.folien-arbeiter.de\/blog\/wp-content\/uploads\/2019\/12\/frame_01-2-1000x810.png 1000w, https:\/\/www.folien-arbeiter.de\/blog\/wp-content\/uploads\/2019\/12\/frame_01-2.png 1200w\" title=\"\">\t\t\t\t\t\t\t\t\t\t\t<figcaption class=\"widget-image-caption wp-caption-text\">Banner Colibrie Meer<\/figcaption>\n\t\t\t\t\t\t\t\t\t\t<\/figure>\n\t\t\t\t\t\t\t\t\t<\/div>\n\t\t\t\t\t<\/div>\n\t\t<\/div>\n\t\t\t\t<div class=\"elementor-column elementor-col-25 elementor-top-column elementor-element elementor-element-96bbd93\" data-id=\"96bbd93\" data-element_type=\"column\" data-e-type=\"column\">\n\t\t\t<div class=\"elementor-widget-wrap elementor-element-populated\">\n\t\t\t\t\t\t<div class=\"elementor-element elementor-element-768a6f8 elementor-widget elementor-widget-image\" data-id=\"768a6f8\" data-element_type=\"widget\" data-e-type=\"widget\" data-widget_type=\"image.default\">\n\t\t\t\t\t\t\t\t\t\t\t\t<figure class=\"wp-caption\">\n\t\t\t\t\t\t\t\t\t\t<img decoding=\"async\" width=\"1024\" height=\"829\" src=\"https:\/\/www.folien-arbeiter.de\/blog\/wp-content\/themes\/woodmart\/images\/lazy.svg\" class=\"attachment-large size-large wp-image-15513 wd-lazy-fade\" alt=\"\" srcset=\"\" sizes=\"(max-width: 1024px) 100vw, 1024px\" data-src=\"https:\/\/www.folien-arbeiter.de\/blog\/wp-content\/uploads\/2019\/12\/frame_01-3-1024x829.png\" data-srcset=\"https:\/\/www.folien-arbeiter.de\/blog\/wp-content\/uploads\/2019\/12\/frame_01-3-1024x829.png 1024w, https:\/\/www.folien-arbeiter.de\/blog\/wp-content\/uploads\/2019\/12\/frame_01-3-500x405.png 500w, https:\/\/www.folien-arbeiter.de\/blog\/wp-content\/uploads\/2019\/12\/frame_01-3-150x122.png 150w, https:\/\/www.folien-arbeiter.de\/blog\/wp-content\/uploads\/2019\/12\/frame_01-3-700x567.png 700w, https:\/\/www.folien-arbeiter.de\/blog\/wp-content\/uploads\/2019\/12\/frame_01-3-300x243.png 300w, https:\/\/www.folien-arbeiter.de\/blog\/wp-content\/uploads\/2019\/12\/frame_01-3-768x622.png 768w, https:\/\/www.folien-arbeiter.de\/blog\/wp-content\/uploads\/2019\/12\/frame_01-3-1000x810.png 1000w, https:\/\/www.folien-arbeiter.de\/blog\/wp-content\/uploads\/2019\/12\/frame_01-3.png 1200w\" title=\"\">\t\t\t\t\t\t\t\t\t\t\t<figcaption class=\"widget-image-caption wp-caption-text\">Banner Tulpen und Herz<\/figcaption>\n\t\t\t\t\t\t\t\t\t\t<\/figure>\n\t\t\t\t\t\t\t\t\t<\/div>\n\t\t\t\t\t<\/div>\n\t\t<\/div>\n\t\t\t\t\t<\/div>\n\t\t<\/section>\n\t\t\t\t<\/div>\n\t\t","protected":false},"excerpt":{"rendered":"<p><strong>Geburtstagsbanner 130 cm x 100 cm mit 4 Fotos und Wunschtext<br \/>\n<\/strong>Der Banner l\u00e4sst sich ganz einfach nach Deinen W\u00fcnschen anpassen.<br \/>\nHochaufl\u00f6sender Digitaldruck auf Meshbanner, rundum ges\u00e4umt &amp; gel\u00f6st.<br \/>\nEine wundersch\u00f6ne, pers\u00f6nliche Alternative f\u00fcr ein Geburtstagsschild.<br \/>\n<em><strong>Bannerformat:\u00a0 130 cm\u00a0 x 100 cm<\/strong><\/em><\/p>\n<h5>Deine Vorteile auf einem Blick:<\/h5>\n<ul>\n<li>Gut verstaubar, sehr leicht<\/li>\n<li>Knick unempfindlich<\/li>\n<li>Wetterfest<\/li>\n<li>Saum und \u00d6sen zur leichten Anbringung<\/li>\n<\/ul>\n","protected":false},"featured_media":15633,"template":"","meta":[],"product_brand":[],"product_cat":[4047],"product_tag":[],"class_list":{"0":"post-15632","1":"product","2":"type-product","3":"status-publish","4":"has-post-thumbnail","6":"product_cat-geburtstag-banner-online-gestalten","8":"first","9":"instock","10":"featured","11":"taxable","12":"shipping-taxable","13":"purchasable","14":"product-type-simple"},"_links":{"self":[{"href":"https:\/\/www.folien-arbeiter.de\/blog\/wp-json\/wp\/v2\/product\/15632","targetHints":{"allow":["GET"]}}],"collection":[{"href":"https:\/\/www.folien-arbeiter.de\/blog\/wp-json\/wp\/v2\/product"}],"about":[{"href":"https:\/\/www.folien-arbeiter.de\/blog\/wp-json\/wp\/v2\/types\/product"}],"version-history":[{"count":0,"href":"https:\/\/www.folien-arbeiter.de\/blog\/wp-json\/wp\/v2\/product\/15632\/revisions"}],"wp:featuredmedia":[{"embeddable":true,"href":"https:\/\/www.folien-arbeiter.de\/blog\/wp-json\/wp\/v2\/media\/15633"}],"wp:attachment":[{"href":"https:\/\/www.folien-arbeiter.de\/blog\/wp-json\/wp\/v2\/media?parent=15632"}],"wp:term":[{"taxonomy":"product_brand","embeddable":true,"href":"https:\/\/www.folien-arbeiter.de\/blog\/wp-json\/wp\/v2\/product_brand?post=15632"},{"taxonomy":"product_cat","embeddable":true,"href":"https:\/\/www.folien-arbeiter.de\/blog\/wp-json\/wp\/v2\/product_cat?post=15632"},{"taxonomy":"product_tag","embeddable":true,"href":"https:\/\/www.folien-arbeiter.de\/blog\/wp-json\/wp\/v2\/product_tag?post=15632"}],"curies":[{"name":"wp","href":"https:\/\/api.w.org\/{rel}","templated":true}]}}