{"id":15581,"date":"2021-09-29T13:18:19","date_gmt":"2021-09-29T12:18:19","guid":{"rendered":"https:\/\/www.folien-arbeiter.de\/blog\/?post_type=product&#038;p=15581"},"modified":"2023-03-07T10:37:09","modified_gmt":"2023-03-07T08:37:09","slug":"geburtstagsbanner-mit-herz-und-tulpen","status":"publish","type":"product","link":"https:\/\/www.folien-arbeiter.de\/blog\/produkt\/geburtstagsbanner-mit-herz-und-tulpen\/","title":{"rendered":"Geburtstagsbanner mit Herz und Tulpen"},"content":{"rendered":"<h2>Geburtstagsbanner mit Herz und Tulpen<\/h2>\n<h3>\u00dcberraschen Sie einen geliebten Menschen<\/h3>\n<div id=\"attachment_15070\" style=\"width: 659px\" class=\"wp-caption alignleft\"><img decoding=\"async\" aria-describedby=\"caption-attachment-15070\" class=\" wd-lazy-fade size-full wp-image-15070\" src=\"https:\/\/www.folien-arbeiter.de\/blog\/wp-content\/themes\/woodmart\/images\/lazy.svg\" data-src=\"https:\/\/www.folien-arbeiter.de\/blog\/wp-content\/uploads\/2019\/12\/Banner3.png\" alt=\"\" width=\"649\" height=\"490\" title=\"\" srcset=\"\" data-srcset=\"https:\/\/www.folien-arbeiter.de\/blog\/wp-content\/uploads\/2019\/12\/Banner3.png 649w, https:\/\/www.folien-arbeiter.de\/blog\/wp-content\/uploads\/2019\/12\/Banner3-500x378.png 500w, https:\/\/www.folien-arbeiter.de\/blog\/wp-content\/uploads\/2019\/12\/Banner3-150x113.png 150w, https:\/\/www.folien-arbeiter.de\/blog\/wp-content\/uploads\/2019\/12\/Banner3-300x227.png 300w, https:\/\/www.folien-arbeiter.de\/blog\/wp-content\/uploads\/2019\/12\/Banner3-66x50.png 66w, https:\/\/www.folien-arbeiter.de\/blog\/wp-content\/uploads\/2019\/12\/Banner3-106x80.png 106w\" sizes=\"(max-width: 649px) 100vw, 649px\" \/><p id=\"caption-attachment-15070\" class=\"wp-caption-text\">Foto Herz<\/p><\/div>\n<h4>Anpassungen \/ Daten:<\/h4>\n<ul>\n<li>Foto wird in Herzform dargestellt<\/li>\n<li>Texte sind individuell anpassbar<\/li>\n<li>Meshbanner (Winddurchl\u00e4ssig)<\/li>\n<li>Banner ist 130 x 100 cm gro\u00df<\/li>\n<\/ul>\n<p>&nbsp;<\/p>\n<h2><a href=\"https:\/\/www.folien-arbeiter.de\/blog\/create-your-own\/?product_id=15581&amp;variation_id=0&amp;reference=7368e91632918829s&amp;nbd_share_id=7368e91632918829s&amp;t=1632919884431\">&gt; Jetzt anpassen &lt;<\/a><\/h2>\n<figure><\/figure>\n","protected":false},"excerpt":{"rendered":"<p>Geburtstags Banner selbst gestalten<br \/>\nHochaufl\u00f6sender Digitaldruck auf Meshbanner rundum ges\u00e4umt &amp; ge\u00f6st.<br \/>\nEine wundersch\u00f6ne pers\u00f6nliche Alternative f\u00fcr ein Geburtstagsschild.<br \/>\n<em><strong>Bannerformat:\u00a0 130 cm\u00a0 x 100 cm<\/strong><\/em><\/p>\n<h5>Deine Vorteile auf einem Blick:<\/h5>\n<ul>\n<li>Gut verstaubar sehr leicht<\/li>\n<li>Knick unempfindlich<\/li>\n<li>Wetterfest<\/li>\n<li>Saum und \u00d6sen zur leichten Anbringung<\/li>\n<\/ul>\n","protected":false},"featured_media":15513,"template":"","meta":[],"product_brand":[],"product_cat":[4047],"product_tag":[],"class_list":{"0":"post-15581","1":"product","2":"type-product","3":"status-publish","4":"has-post-thumbnail","6":"product_cat-geburtstag-banner-online-gestalten","8":"first","9":"instock","10":"featured","11":"taxable","12":"shipping-taxable","13":"purchasable","14":"product-type-simple"},"_links":{"self":[{"href":"https:\/\/www.folien-arbeiter.de\/blog\/wp-json\/wp\/v2\/product\/15581","targetHints":{"allow":["GET"]}}],"collection":[{"href":"https:\/\/www.folien-arbeiter.de\/blog\/wp-json\/wp\/v2\/product"}],"about":[{"href":"https:\/\/www.folien-arbeiter.de\/blog\/wp-json\/wp\/v2\/types\/product"}],"version-history":[{"count":0,"href":"https:\/\/www.folien-arbeiter.de\/blog\/wp-json\/wp\/v2\/product\/15581\/revisions"}],"wp:featuredmedia":[{"embeddable":true,"href":"https:\/\/www.folien-arbeiter.de\/blog\/wp-json\/wp\/v2\/media\/15513"}],"wp:attachment":[{"href":"https:\/\/www.folien-arbeiter.de\/blog\/wp-json\/wp\/v2\/media?parent=15581"}],"wp:term":[{"taxonomy":"product_brand","embeddable":true,"href":"https:\/\/www.folien-arbeiter.de\/blog\/wp-json\/wp\/v2\/product_brand?post=15581"},{"taxonomy":"product_cat","embeddable":true,"href":"https:\/\/www.folien-arbeiter.de\/blog\/wp-json\/wp\/v2\/product_cat?post=15581"},{"taxonomy":"product_tag","embeddable":true,"href":"https:\/\/www.folien-arbeiter.de\/blog\/wp-json\/wp\/v2\/product_tag?post=15581"}],"curies":[{"name":"wp","href":"https:\/\/api.w.org\/{rel}","templated":true}]}}