{"id":15256,"date":"2020-11-03T11:43:20","date_gmt":"2020-11-03T10:43:20","guid":{"rendered":"https:\/\/www.folien-arbeiter.de\/blog\/?post_type=product&#038;p=15256"},"modified":"2025-11-26T12:11:00","modified_gmt":"2025-11-26T10:11:00","slug":"mesh-banner-zur-hochzeit","status":"publish","type":"product","link":"https:\/\/www.folien-arbeiter.de\/blog\/produkt\/mesh-banner-zur-hochzeit\/","title":{"rendered":"Banner zur Hochzeit Gl\u00fcckw\u00fcnsche im Gro\u00dfformat"},"content":{"rendered":"<h2>Ein Banner zur Hochzeit &#8211; wetterfest und individuell gestaltet<\/h2>\n<p>Sie suchen nach einer ausgefallenen Geschenkidee? Dann ist das Banner zur Hochzeit die perfekte L\u00f6sung. Das hochwertige Banner im Gro\u00dfformat wird von uns nach Ihren Vorgaben bedruckt. Einfach ausrollen und aufstellen &#8211; fertig ist Ihr ganz pers\u00f6nliches Geschenk.<\/p>\n<p>&nbsp;<\/p>\n    <div class=\"nbd-gallery-item-templates\">\n            <div class=\"template nbd-col-5\">\n            <div class=\"main\">\n                <a href=\"https:\/\/www.folien-arbeiter.de\/blog\/create-your-own\/?product_id=22216&#038;variation_id=0&#038;reference=a5a21521766949798\">\n                    <img decoding=\"async\" src=\"https:\/\/www.folien-arbeiter.de\/blog\/wp-content\/uploads\/nbdesigner\/designs\/a5a21521766949798\/preview\/frame_0.png\" class=\"nbdesigner-img\" alt=\"\" title=\"\">\n                    <span>Jetzt Gestalten<\/span>\n                <\/a>\n                <p>F\u00c4RGKREIS<\/p>\n            <\/div>\n        <\/div>\n            <div class=\"template nbd-col-5\">\n            <div class=\"main\">\n                <a href=\"https:\/\/www.folien-arbeiter.de\/blog\/create-your-own\/?product_id=15257&#038;variation_id=0&#038;reference=06694591765901258\">\n                    <img decoding=\"async\" src=\"https:\/\/www.folien-arbeiter.de\/blog\/wp-content\/uploads\/nbdesigner\/designs\/06694591765901258\/preview\/frame_0.png\" class=\"nbdesigner-img\" alt=\"\" title=\"\">\n                    <span>Jetzt Gestalten<\/span>\n                <\/a>\n                <p>HeirateMich<\/p>\n            <\/div>\n        <\/div>\n            <div class=\"template nbd-col-5\">\n            <div class=\"main\">\n                <a href=\"https:\/\/www.folien-arbeiter.de\/blog\/create-your-own\/?product_id=15257&#038;variation_id=0&#038;reference=92622121765901165\">\n                    <img decoding=\"async\" src=\"https:\/\/www.folien-arbeiter.de\/blog\/wp-content\/uploads\/nbdesigner\/designs\/92622121765901165\/preview\/frame_0.png\" class=\"nbdesigner-img\" alt=\"\" title=\"\">\n                    <span>Jetzt Gestalten<\/span>\n                <\/a>\n                <p>HerzenGold<\/p>\n            <\/div>\n        <\/div>\n            <div class=\"template nbd-col-5\">\n            <div class=\"main\">\n                <a href=\"https:\/\/www.folien-arbeiter.de\/blog\/create-your-own\/?product_id=15257&#038;variation_id=0&#038;reference=dfd62481765901101\">\n                    <img decoding=\"async\" src=\"https:\/\/www.folien-arbeiter.de\/blog\/wp-content\/uploads\/nbdesigner\/designs\/dfd62481765901101\/preview\/frame_0.png\" class=\"nbdesigner-img\" alt=\"\" title=\"\">\n                    <span>Jetzt Gestalten<\/span>\n                <\/a>\n                <p>HerzenPuderzucker<\/p>\n            <\/div>\n        <\/div>\n            <div class=\"template nbd-col-5\">\n            <div class=\"main\">\n                <a href=\"https:\/\/www.folien-arbeiter.de\/blog\/create-your-own\/?product_id=15257&#038;variation_id=0&#038;reference=9853c591765900981\">\n                    <img decoding=\"async\" src=\"https:\/\/www.folien-arbeiter.de\/blog\/wp-content\/uploads\/nbdesigner\/designs\/9853c591765900981\/preview\/frame_0.png\" class=\"nbdesigner-img\" alt=\"\" title=\"\">\n                    <span>Jetzt Gestalten<\/span>\n                <\/a>\n                <p>StrandHerzenMeer<\/p>\n            <\/div>\n        <\/div>\n            <div class=\"template nbd-col-5\">\n            <div class=\"main\">\n                <a href=\"https:\/\/www.folien-arbeiter.de\/blog\/create-your-own\/?product_id=21449&#038;variation_id=0&#038;reference=4937e401754412763\">\n                    <img decoding=\"async\" src=\"https:\/\/www.folien-arbeiter.de\/blog\/wp-content\/uploads\/nbdesigner\/designs\/4937e401754412763\/preview\/frame_0.png\" class=\"nbdesigner-img\" alt=\"\" title=\"\">\n                    <span>Jetzt Gestalten<\/span>\n                <\/a>\n                <p>Level 40 Unlocked<\/p>\n            <\/div>\n        <\/div>\n            <div class=\"template nbd-col-5\">\n            <div class=\"main\">\n                <a href=\"https:\/\/www.folien-arbeiter.de\/blog\/create-your-own\/?product_id=21057&#038;variation_id=0&#038;reference=0365e701727878380\">\n                    <img decoding=\"async\" src=\"https:\/\/www.folien-arbeiter.de\/blog\/wp-content\/uploads\/2024\/10\/Sepia-Memories-Mesh-IV.jpg\" class=\"nbdesigner-img\" alt=\"\" title=\"\">\n                    <span>Jetzt Gestalten<\/span>\n                <\/a>\n                <p>Sepia Memories Mesh<\/p>\n            <\/div>\n        <\/div>\n            <div class=\"template nbd-col-5\">\n            <div class=\"main\">\n                <a href=\"https:\/\/www.folien-arbeiter.de\/blog\/create-your-own\/?product_id=15666&#038;variation_id=0&#038;reference=33913181727856439\">\n                    <img decoding=\"async\" src=\"https:\/\/www.folien-arbeiter.de\/blog\/wp-content\/uploads\/nbdesigner\/designs\/33913181727856439\/preview\/frame_0.png\" class=\"nbdesigner-img\" alt=\"\" title=\"\">\n                    <span>Jetzt Gestalten<\/span>\n                <\/a>\n                <p>Tafelschwarz<\/p>\n            <\/div>\n        <\/div>\n            <div class=\"template nbd-col-5\">\n            <div class=\"main\">\n                <a href=\"https:\/\/www.folien-arbeiter.de\/blog\/create-your-own\/?product_id=21028&#038;variation_id=0&#038;reference=11995931726866371\">\n                    <img decoding=\"async\" src=\"https:\/\/www.folien-arbeiter.de\/blog\/wp-content\/uploads\/nbdesigner\/designs\/11995931726866371\/preview\/frame_0.png\" class=\"nbdesigner-img\" alt=\"\" title=\"\">\n                    <span>Jetzt Gestalten<\/span>\n                <\/a>\n                <p>Geburtstagsbanner-Lebens-Bilder-Mix<\/p>\n            <\/div>\n        <\/div>\n            <div class=\"template nbd-col-5\">\n            <div class=\"main\">\n                <a href=\"https:\/\/www.folien-arbeiter.de\/blog\/create-your-own\/?product_id=16068&#038;variation_id=0&#038;reference=a44324989a\">\n                    <img decoding=\"async\" src=\"https:\/\/www.folien-arbeiter.de\/blog\/wp-content\/uploads\/nbdesigner\/designs\/a44324989a\/preview\/frame_0.png\" class=\"nbdesigner-img\" alt=\"\" title=\"\">\n                    <span>Jetzt Gestalten<\/span>\n                <\/a>\n                <p>40 ist nur eine Zahl - personalisierter Geburtstagsbanner mit Erinnerungen<\/p>\n            <\/div>\n        <\/div>\n            <div class=\"template nbd-col-5\">\n            <div class=\"main\">\n                <a href=\"https:\/\/www.folien-arbeiter.de\/blog\/create-your-own\/?product_id=15632&#038;variation_id=0&#038;reference=d6bc311726752063\">\n                    <img decoding=\"async\" src=\"https:\/\/www.folien-arbeiter.de\/blog\/wp-content\/uploads\/nbdesigner\/designs\/d6bc311726752063\/preview\/frame_0.png\" class=\"nbdesigner-img\" alt=\"\" title=\"\">\n                    <span>Jetzt Gestalten<\/span>\n                <\/a>\n                <p>Happy Birthday 4 Bildern<\/p>\n            <\/div>\n        <\/div>\n            <div class=\"template nbd-col-5\">\n            <div class=\"main\">\n                <a href=\"https:\/\/www.folien-arbeiter.de\/blog\/create-your-own\/?product_id=21007&#038;variation_id=0&#038;reference=3b2f941726162249\">\n                    <img decoding=\"async\" src=\"https:\/\/www.folien-arbeiter.de\/blog\/wp-content\/uploads\/nbdesigner\/designs\/3b2f941726162249\/preview\/frame_0.png\" class=\"nbdesigner-img\" alt=\"\" title=\"\">\n                    <span>Jetzt Gestalten<\/span>\n                <\/a>\n                <p>Happy Birthday 7 Bilder<\/p>\n            <\/div>\n        <\/div>\n            <div class=\"template nbd-col-5\">\n            <div class=\"main\">\n                <a href=\"https:\/\/www.folien-arbeiter.de\/blog\/create-your-own\/?product_id=16439&#038;variation_id=0&#038;reference=4ccd8151702745988\">\n                    <img decoding=\"async\" src=\"https:\/\/www.folien-arbeiter.de\/blog\/wp-content\/uploads\/nbdesigner\/designs\/4ccd8151702745988\/preview\/frame_0.png\" class=\"nbdesigner-img\" alt=\"\" title=\"\">\n                    <span>Jetzt Gestalten<\/span>\n                <\/a>\n                <p>40JahreGlanzImHerzen<\/p>\n            <\/div>\n        <\/div>\n            <div class=\"template nbd-col-5\">\n            <div class=\"main\">\n                <a href=\"https:\/\/www.folien-arbeiter.de\/blog\/create-your-own\/?product_id=16068&#038;variation_id=0&#038;reference=5a29b881678903992\">\n                    <img decoding=\"async\" src=\"https:\/\/www.folien-arbeiter.de\/blog\/wp-content\/uploads\/nbdesigner\/designs\/5a29b881678903992\/preview\/frame_0.png\" class=\"nbdesigner-img\" alt=\"\" title=\"\">\n                    <span>Jetzt Gestalten<\/span>\n                <\/a>\n                <p>40istnureineZahl<\/p>\n            <\/div>\n        <\/div>\n            <div class=\"template nbd-col-5\">\n            <div class=\"main\">\n                <a href=\"https:\/\/www.folien-arbeiter.de\/blog\/create-your-own\/?product_id=15706&#038;variation_id=0&#038;reference=d94b8511638054677\">\n                    <img decoding=\"async\" src=\"https:\/\/www.folien-arbeiter.de\/blog\/wp-content\/uploads\/nbdesigner\/designs\/d94b8511638054677\/preview\/frame_0.png\" class=\"nbdesigner-img\" alt=\"\" title=\"\">\n                    <span>Jetzt Gestalten<\/span>\n                <\/a>\n                <p>Hausnummer und Name<\/p>\n            <\/div>\n        <\/div>\n            <div class=\"template nbd-col-5\">\n            <div class=\"main\">\n                <a href=\"https:\/\/www.folien-arbeiter.de\/blog\/create-your-own\/?product_id=15670&#038;variation_id=0&#038;reference=93d2b521636788471\">\n                    <img decoding=\"async\" src=\"https:\/\/www.folien-arbeiter.de\/blog\/wp-content\/uploads\/nbdesigner\/designs\/93d2b521636788471\/preview\/frame_0.png\" class=\"nbdesigner-img\" alt=\"\" title=\"\">\n                    <span>Jetzt Gestalten<\/span>\n                <\/a>\n                <p>Goldene Hochzeit Ringe<\/p>\n            <\/div>\n        <\/div>\n            <div class=\"template nbd-col-5\">\n            <div class=\"main\">\n                <a href=\"https:\/\/www.folien-arbeiter.de\/blog\/create-your-own\/?product_id=15668&#038;variation_id=0&#038;reference=58027641636727690\">\n                    <img decoding=\"async\" src=\"https:\/\/www.folien-arbeiter.de\/blog\/wp-content\/uploads\/nbdesigner\/designs\/58027641636727690\/preview\/frame_0.png\" class=\"nbdesigner-img\" alt=\"\" title=\"\">\n                    <span>Jetzt Gestalten<\/span>\n                <\/a>\n                <p>XX Jahre schon auf dieser Welt<\/p>\n            <\/div>\n        <\/div>\n            <div class=\"template nbd-col-5\">\n            <div class=\"main\">\n                <a href=\"https:\/\/www.folien-arbeiter.de\/blog\/create-your-own\/?product_id=15663&#038;variation_id=0&#038;reference=cb506441636710854\">\n                    <img decoding=\"async\" src=\"https:\/\/www.folien-arbeiter.de\/blog\/wp-content\/uploads\/nbdesigner\/designs\/cb506441636710854\/preview\/frame_0.png\" class=\"nbdesigner-img\" alt=\"\" title=\"\">\n                    <span>Jetzt Gestalten<\/span>\n                <\/a>\n                <p>Banner Fotoherz Blumen Name Datum<\/p>\n            <\/div>\n        <\/div>\n            <div class=\"template nbd-col-5\">\n            <div class=\"main\">\n                <a href=\"https:\/\/www.folien-arbeiter.de\/blog\/create-your-own\/?product_id=15646&#038;variation_id=0&#038;reference=297a6691636382247\">\n                    <img decoding=\"async\" src=\"https:\/\/www.folien-arbeiter.de\/blog\/wp-content\/uploads\/nbdesigner\/designs\/297a6691636382247\/preview\/frame_0.png\" class=\"nbdesigner-img\" alt=\"\" title=\"\">\n                    <span>Jetzt Gestalten<\/span>\n                <\/a>\n                <p>Hochzeits Ringe Blumen Spruch<\/p>\n            <\/div>\n        <\/div>\n            <div class=\"template nbd-col-5\">\n            <div class=\"main\">\n                <a href=\"https:\/\/www.folien-arbeiter.de\/blog\/create-your-own\/?product_id=15643&#038;variation_id=0&#038;reference=bc858551636360873\">\n                    <img decoding=\"async\" src=\"https:\/\/www.folien-arbeiter.de\/blog\/wp-content\/uploads\/nbdesigner\/designs\/bc858551636360873\/preview\/frame_0.png\" class=\"nbdesigner-img\" alt=\"\" title=\"\">\n                    <span>Jetzt Gestalten<\/span>\n                <\/a>\n                <p>Baby Junge-Elefant Hochformat<\/p>\n            <\/div>\n        <\/div>\n        <\/div>\n    \n<p>&nbsp;<\/p>\n<p>&nbsp;<\/p>\n<p>&nbsp;<\/p>\n","protected":false},"excerpt":{"rendered":"<p>Mesh Banner zur Hochzeit selbst gestalten<br \/>\nHochaufl\u00f6sender Digitaldruck auf Meshbanner rundum ges\u00e4umt &amp; ge\u00f6st.<br \/>\nEine wundersch\u00f6ne pers\u00f6nliche geschenkidee zur Hochzeit oder zum Hochzeitstag!<br \/>\n<em><strong>Bannerformat :\u00a0 1,30cm\u00a0 x 100 cm<\/strong><\/em><\/p>\n<h5>Deine Vorteile auf einem Blick:<\/h5>\n<ul>\n<li>Gut verstaubar sehr leicht<\/li>\n<li>Knick unempfindlich<\/li>\n<li>Wetterfest<\/li>\n<li>Saum und \u00d6sen zur leichten anbringung<\/li>\n<\/ul>\n","protected":false},"featured_media":13822,"template":"","meta":[],"product_brand":[],"product_cat":[4049],"product_tag":[],"class_list":{"0":"post-15256","1":"product","2":"type-product","3":"status-publish","4":"has-post-thumbnail","6":"product_cat-hochzeitsbanner","8":"first","9":"instock","10":"taxable","11":"shipping-taxable","12":"purchasable","13":"product-type-simple"},"_links":{"self":[{"href":"https:\/\/www.folien-arbeiter.de\/blog\/wp-json\/wp\/v2\/product\/15256","targetHints":{"allow":["GET"]}}],"collection":[{"href":"https:\/\/www.folien-arbeiter.de\/blog\/wp-json\/wp\/v2\/product"}],"about":[{"href":"https:\/\/www.folien-arbeiter.de\/blog\/wp-json\/wp\/v2\/types\/product"}],"version-history":[{"count":0,"href":"https:\/\/www.folien-arbeiter.de\/blog\/wp-json\/wp\/v2\/product\/15256\/revisions"}],"wp:featuredmedia":[{"embeddable":true,"href":"https:\/\/www.folien-arbeiter.de\/blog\/wp-json\/wp\/v2\/media\/13822"}],"wp:attachment":[{"href":"https:\/\/www.folien-arbeiter.de\/blog\/wp-json\/wp\/v2\/media?parent=15256"}],"wp:term":[{"taxonomy":"product_brand","embeddable":true,"href":"https:\/\/www.folien-arbeiter.de\/blog\/wp-json\/wp\/v2\/product_brand?post=15256"},{"taxonomy":"product_cat","embeddable":true,"href":"https:\/\/www.folien-arbeiter.de\/blog\/wp-json\/wp\/v2\/product_cat?post=15256"},{"taxonomy":"product_tag","embeddable":true,"href":"https:\/\/www.folien-arbeiter.de\/blog\/wp-json\/wp\/v2\/product_tag?post=15256"}],"curies":[{"name":"wp","href":"https:\/\/api.w.org\/{rel}","templated":true}]}}