{"id":14026,"date":"2020-02-09T13:55:26","date_gmt":"2020-02-09T12:55:26","guid":{"rendered":"https:\/\/www.folien-arbeiter.de\/blog\/?post_type=product&#038;p=14026"},"modified":"2021-11-12T08:20:49","modified_gmt":"2021-11-12T07:20:49","slug":"nagelstudio-schild-designer","status":"publish","type":"product","link":"https:\/\/www.folien-arbeiter.de\/blog\/produkt\/nagelstudio-schild-designer\/","title":{"rendered":"Nagelstudio-Schild-Designer"},"content":{"rendered":"<h2>Das Schild f\u00fcr Ihr Nagelstudio &#8211; individuell nach Ihren W\u00fcnschen gestaltet!<\/h2>\n<p>Sie haben erfolgreich Ihr eigenes Studio f\u00fcr Nail-Art, Mainik\u00fcre und Pedik\u00fcre gegr\u00fcndet, Einrichtung und Ausstattung sind komplett &#8211; jetzt fehlt nur noch das Firmenschild, damit Ihr Studio auch gut erkennbar ist. Wir bieten Ihnen die M\u00f6glichkeit, mit unserem Nagelstudio-Schild-Designer ein unverwechselbares Firmenschild zu gestalten. Auf unserer Webseite f\u00fchren wir Sie Schritt f\u00fcr Schritt durch den Designprozess.<\/p>\n<h3>W\u00e4hlen Sie Format, Gr\u00f6\u00dfe und Ausf\u00fchrung<\/h3>\n<p>Die Schilder sind in zwei verschiedenen Formaten erh\u00e4ltlich. Sie haben die Wahl zwischen den Gr\u00f6\u00dfen 300&#215;200 Millimeter und 600&#215;400 Millimeter. Als Material bieten wir ein Aluverbundmaterial oder eine PVC-Hartschaumplatte an. Beide Materialien sind robust und stabil. Sie k\u00f6nnen das Studioschild mit oder ohne Bohrungen f\u00fcr die Montage bestellen. Wenn Sie sich f\u00fcr Bohrungen entscheiden, gibt es die Option f\u00fcr Edelstahl-Abstandshalter oder die Alternative f\u00fcr eine Befestigung mit Schrauben.<\/p>\n<h2>So kommt Ihr Design auf das Nagelstudioschild<\/h2>\n<p>Sie haben bereits ein fertiges Design? Dann brauchen wir nur die Datei mit Ihrem Firmenlogo und weiteren Infos, die Sie einfach hochladen. Mit unserem Schilddesigner k\u00f6nnen Sie das Design auch komplett online entwerfen. Jedes Detail l\u00e4sst sich nach Ihren Vorstellungen gestalten &#8211; von der Schriftart und -gr\u00f6\u00dfe bis zur Anordnung und zu den Farben. Das praktische Design-Tool h\u00e4lt Vorlagen, Clip-Arts und weitere Elemente bereit. Au\u00dferdem k\u00f6nnen Sie Fotos hochladen und integrieren. In der Vorschau sehen Sie, wie das fertige Ergebnis aussehen wird.<\/p>\n<p>Wir fertigen f\u00fcr Sie das Schild f\u00fcr Ihr Nagelstudio schnell, qualitativ hochwertig und kosteng\u00fcnstig. Nur anbringen m\u00fcssen Sie es selbst, dann steht Ihrer Studioer\u00f6ffnung nichts mehr im Weg!<\/p>\n<p>&nbsp;<\/p>\n<h2>Alles f\u00fcr deine Nagelstudio Werbung:<\/h2>\n<p><strong>Roll-Up Banner :<\/strong> Innenraum presentation f\u00fcr Messen oder Studio<\/p>\n<p><img loading=\"lazy\" decoding=\"async\" class=\" wd-lazy-fade  wp-image-14148 alignleft\" src=\"https:\/\/www.folien-arbeiter.de\/blog\/wp-content\/themes\/woodmart\/images\/lazy.svg\" data-src=\"https:\/\/www.folien-arbeiter.de\/blog\/wp-content\/uploads\/2020\/02\/rollup-806x1024.jpg\" alt=\"\" width=\"349\" height=\"443\" title=\"\" srcset=\"\" data-srcset=\"https:\/\/www.folien-arbeiter.de\/blog\/wp-content\/uploads\/2020\/02\/rollup-806x1024.jpg 806w, https:\/\/www.folien-arbeiter.de\/blog\/wp-content\/uploads\/2020\/02\/rollup-500x635.jpg 500w, https:\/\/www.folien-arbeiter.de\/blog\/wp-content\/uploads\/2020\/02\/rollup-150x191.jpg 150w, https:\/\/www.folien-arbeiter.de\/blog\/wp-content\/uploads\/2020\/02\/rollup-700x889.jpg 700w, https:\/\/www.folien-arbeiter.de\/blog\/wp-content\/uploads\/2020\/02\/rollup-236x300.jpg 236w, https:\/\/www.folien-arbeiter.de\/blog\/wp-content\/uploads\/2020\/02\/rollup-768x975.jpg 768w, https:\/\/www.folien-arbeiter.de\/blog\/wp-content\/uploads\/2020\/02\/rollup-1209x1536.jpg 1209w, https:\/\/www.folien-arbeiter.de\/blog\/wp-content\/uploads\/2020\/02\/rollup-1000x1270.jpg 1000w, https:\/\/www.folien-arbeiter.de\/blog\/wp-content\/uploads\/2020\/02\/rollup.jpg 1400w\" sizes=\"auto, (max-width: 349px) 100vw, 349px\" \/><\/p>\n<p>&nbsp;<\/p>\n<p>Ein Roll-Up mit dem gleichen Design passend zu deinem neuen Firmenschild<br \/>\nist bei jeder Austellung oder Messe ein Blickfang!<\/p>\n<p>&nbsp;<\/p>\n<p><img loading=\"lazy\" decoding=\"async\" class=\" wd-lazy-fade alignleft wp-image-14149\" src=\"https:\/\/www.folien-arbeiter.de\/blog\/wp-content\/themes\/woodmart\/images\/lazy.svg\" data-src=\"https:\/\/www.folien-arbeiter.de\/blog\/wp-content\/uploads\/2020\/02\/Visitenkarten-1024x701.jpg\" alt=\"\" width=\"369\" height=\"253\" title=\"\" srcset=\"\" data-srcset=\"https:\/\/www.folien-arbeiter.de\/blog\/wp-content\/uploads\/2020\/02\/Visitenkarten-1024x701.jpg 1024w, https:\/\/www.folien-arbeiter.de\/blog\/wp-content\/uploads\/2020\/02\/Visitenkarten-500x342.jpg 500w, https:\/\/www.folien-arbeiter.de\/blog\/wp-content\/uploads\/2020\/02\/Visitenkarten-150x103.jpg 150w, https:\/\/www.folien-arbeiter.de\/blog\/wp-content\/uploads\/2020\/02\/Visitenkarten-700x479.jpg 700w, https:\/\/www.folien-arbeiter.de\/blog\/wp-content\/uploads\/2020\/02\/Visitenkarten-300x205.jpg 300w, https:\/\/www.folien-arbeiter.de\/blog\/wp-content\/uploads\/2020\/02\/Visitenkarten-768x526.jpg 768w, https:\/\/www.folien-arbeiter.de\/blog\/wp-content\/uploads\/2020\/02\/Visitenkarten-1000x684.jpg 1000w, https:\/\/www.folien-arbeiter.de\/blog\/wp-content\/uploads\/2020\/02\/Visitenkarten.jpg 1400w\" sizes=\"auto, (max-width: 369px) 100vw, 369px\" \/>Visitenkarten im gleichen Design<br \/>\nmit Terminevereinbarung auf der<br \/>\nR\u00fcckseite ein <em><strong>&#8222;must-have&#8220;<\/strong><\/em><\/p>\n","protected":false},"excerpt":{"rendered":"<ul>\n<li>Praktische Formate:\u00a0 60 cm x 40 cm oder 30 cm x 20 cm<\/li>\n<li>Materialien Hartschaum oder Aluverbund<\/li>\n<li>Optional mit Bohrungen<\/li>\n<li>Design Inhaltlich frei gestaltbar<\/li>\n<\/ul>\n","protected":false},"featured_media":14039,"template":"","meta":[],"product_brand":[],"product_cat":[3703],"product_tag":[],"class_list":{"0":"post-14026","1":"product","2":"type-product","3":"status-publish","4":"has-post-thumbnail","6":"product_cat-beschilderung","8":"first","9":"instock","10":"taxable","11":"shipping-taxable","12":"purchasable","13":"product-type-variable"},"_links":{"self":[{"href":"https:\/\/www.folien-arbeiter.de\/blog\/wp-json\/wp\/v2\/product\/14026","targetHints":{"allow":["GET"]}}],"collection":[{"href":"https:\/\/www.folien-arbeiter.de\/blog\/wp-json\/wp\/v2\/product"}],"about":[{"href":"https:\/\/www.folien-arbeiter.de\/blog\/wp-json\/wp\/v2\/types\/product"}],"version-history":[{"count":0,"href":"https:\/\/www.folien-arbeiter.de\/blog\/wp-json\/wp\/v2\/product\/14026\/revisions"}],"wp:featuredmedia":[{"embeddable":true,"href":"https:\/\/www.folien-arbeiter.de\/blog\/wp-json\/wp\/v2\/media\/14039"}],"wp:attachment":[{"href":"https:\/\/www.folien-arbeiter.de\/blog\/wp-json\/wp\/v2\/media?parent=14026"}],"wp:term":[{"taxonomy":"product_brand","embeddable":true,"href":"https:\/\/www.folien-arbeiter.de\/blog\/wp-json\/wp\/v2\/product_brand?post=14026"},{"taxonomy":"product_cat","embeddable":true,"href":"https:\/\/www.folien-arbeiter.de\/blog\/wp-json\/wp\/v2\/product_cat?post=14026"},{"taxonomy":"product_tag","embeddable":true,"href":"https:\/\/www.folien-arbeiter.de\/blog\/wp-json\/wp\/v2\/product_tag?post=14026"}],"curies":[{"name":"wp","href":"https:\/\/api.w.org\/{rel}","templated":true}]}}