{"id":13783,"date":"2020-01-12T15:20:45","date_gmt":"2020-01-12T14:20:45","guid":{"rendered":"https:\/\/www.folien-arbeiter.de\/blog\/?post_type=product&#038;p=13783"},"modified":"2024-10-04T08:49:45","modified_gmt":"2024-10-04T06:49:45","slug":"schilder-konfigurator","status":"publish","type":"product","link":"https:\/\/www.folien-arbeiter.de\/blog\/produkt\/schilder-konfigurator\/","title":{"rendered":"Schilder Konfigurator: Individuell bei Folien-Arbeiter.de gestalten"},"content":{"rendered":"\t\t<div data-elementor-type=\"wp-post\" data-elementor-id=\"13783\" class=\"elementor elementor-13783\" data-elementor-post-type=\"product\">\n\t\t\t\t\t\t<section class=\"wd-negative-gap elementor-section elementor-top-section elementor-element elementor-element-5f10548c elementor-section-boxed elementor-section-height-default elementor-section-height-default\" data-id=\"5f10548c\" data-element_type=\"section\" data-e-type=\"section\">\n\t\t\t\t\t\t<div class=\"elementor-container elementor-column-gap-default\">\n\t\t\t\t\t<div class=\"elementor-column elementor-col-100 elementor-top-column elementor-element elementor-element-4a6cc1fe\" data-id=\"4a6cc1fe\" data-element_type=\"column\" data-e-type=\"column\">\n\t\t\t<div class=\"elementor-widget-wrap elementor-element-populated\">\n\t\t\t\t\t\t<div class=\"elementor-element elementor-element-5dac6d67 color-scheme-inherit text-left elementor-widget elementor-widget-text-editor\" data-id=\"5dac6d67\" data-element_type=\"widget\" data-e-type=\"widget\" data-widget_type=\"text-editor.default\">\n\t\t\t\t\t\t\t\t\t<strong>Firmenschild aus stabilen 3mm Aluverbund Material.<\/strong>\r\n<h2>Gestalten Sie jetzt Ihr Firmenschild einfach in unserem Online-Editor.<\/h2>\r\nDie Schilder werden aus einer stabiler 3 mm Aluminium Verbundplatte hergestellt.\r\nSchilder und Beschriftungen sind wetterfest und UV-stabil. Die Schilder eignen\u00a0 sich zur Wandmontage oder auch zur frei stehenden Rahmenmontage.\r\nHier im Online-Editor stehen Ihnen viele Farben und Schriftarten zur Auswahl!\r\nDer Online-Schild Editor ist einfach zu bedienen und l\u00e4sst viele M\u00f6glichkeiten zur Gestaltung zu.\r\nSie m\u00f6chten gerne Ihr Firmenlogo mit auf dem Schild? Auch das ist m\u00f6glich. F\u00fcgen Sie ihr Logo\u00a0 als JPG oder SVG Datei ein.\t\t\t\t\t\t\t\t<\/div>\n\t\t\t\t\t<\/div>\n\t\t<\/div>\n\t\t\t\t\t<\/div>\n\t\t<\/section>\n\t\t\t\t<section class=\"wd-negative-gap elementor-section elementor-top-section elementor-element elementor-element-97f811b elementor-section-boxed elementor-section-height-default elementor-section-height-default\" data-id=\"97f811b\" data-element_type=\"section\" data-e-type=\"section\">\n\t\t\t\t\t\t<div class=\"elementor-container elementor-column-gap-default\">\n\t\t\t\t\t<div class=\"elementor-column elementor-col-33 elementor-top-column elementor-element elementor-element-75daf00\" data-id=\"75daf00\" data-element_type=\"column\" data-e-type=\"column\">\n\t\t\t<div class=\"elementor-widget-wrap elementor-element-populated\">\n\t\t\t\t\t\t<div class=\"elementor-element elementor-element-7774ad0 elementor-widget elementor-widget-image\" data-id=\"7774ad0\" data-element_type=\"widget\" data-e-type=\"widget\" data-widget_type=\"image.default\">\n\t\t\t\t\t\t\t\t\t\t\t\t\t\t\t<img loading=\"lazy\" decoding=\"async\" width=\"1024\" height=\"767\" src=\"https:\/\/www.folien-arbeiter.de\/blog\/wp-content\/themes\/woodmart\/images\/lazy.svg\" class=\"attachment-large size-large wp-image-12535 wd-lazy-fade\" alt=\"\" srcset=\"\" sizes=\"auto, (max-width: 1024px) 100vw, 1024px\" data-src=\"https:\/\/www.folien-arbeiter.de\/blog\/wp-content\/uploads\/2018\/01\/bundestagswahl-2731579_1920-1024x767.jpg\" data-srcset=\"https:\/\/www.folien-arbeiter.de\/blog\/wp-content\/uploads\/2018\/01\/bundestagswahl-2731579_1920-1024x767.jpg 1024w, https:\/\/www.folien-arbeiter.de\/blog\/wp-content\/uploads\/2018\/01\/bundestagswahl-2731579_1920-500x375.jpg 500w, https:\/\/www.folien-arbeiter.de\/blog\/wp-content\/uploads\/2018\/01\/bundestagswahl-2731579_1920-150x112.jpg 150w, https:\/\/www.folien-arbeiter.de\/blog\/wp-content\/uploads\/2018\/01\/bundestagswahl-2731579_1920-700x525.jpg 700w, https:\/\/www.folien-arbeiter.de\/blog\/wp-content\/uploads\/2018\/01\/bundestagswahl-2731579_1920-300x225.jpg 300w, https:\/\/www.folien-arbeiter.de\/blog\/wp-content\/uploads\/2018\/01\/bundestagswahl-2731579_1920-768x576.jpg 768w, https:\/\/www.folien-arbeiter.de\/blog\/wp-content\/uploads\/2018\/01\/bundestagswahl-2731579_1920-200x150.jpg 200w, https:\/\/www.folien-arbeiter.de\/blog\/wp-content\/uploads\/2018\/01\/bundestagswahl-2731579_1920-400x300.jpg 400w, https:\/\/www.folien-arbeiter.de\/blog\/wp-content\/uploads\/2018\/01\/bundestagswahl-2731579_1920-600x450.jpg 600w, https:\/\/www.folien-arbeiter.de\/blog\/wp-content\/uploads\/2018\/01\/bundestagswahl-2731579_1920-800x600.jpg 800w, https:\/\/www.folien-arbeiter.de\/blog\/wp-content\/uploads\/2018\/01\/bundestagswahl-2731579_1920-1200x899.jpg 1200w, https:\/\/www.folien-arbeiter.de\/blog\/wp-content\/uploads\/2018\/01\/bundestagswahl-2731579_1920.jpg 1600w\" title=\"\">\t\t\t\t\t\t\t\t\t\t\t\t\t\t\t<\/div>\n\t\t\t\t\t<\/div>\n\t\t<\/div>\n\t\t\t\t<div class=\"elementor-column elementor-col-33 elementor-top-column elementor-element elementor-element-f8000ad\" data-id=\"f8000ad\" data-element_type=\"column\" data-e-type=\"column\">\n\t\t\t<div class=\"elementor-widget-wrap\">\n\t\t\t\t\t\t\t<\/div>\n\t\t<\/div>\n\t\t\t\t<div class=\"elementor-column elementor-col-33 elementor-top-column elementor-element elementor-element-4f234dd\" data-id=\"4f234dd\" data-element_type=\"column\" data-e-type=\"column\">\n\t\t\t<div class=\"elementor-widget-wrap elementor-element-populated\">\n\t\t\t\t\t\t<div class=\"elementor-element elementor-element-126752a elementor-widget elementor-widget-wd_image_hotspot\" data-id=\"126752a\" data-element_type=\"widget\" data-e-type=\"widget\" data-widget_type=\"wd_image_hotspot.default\">\n\t\t\t\t<div class=\"elementor-widget-container\">\n\t\t\t\t\t\t\t<div class=\"wd-spots wd-event-hover hotspot-icon-default color-scheme- wd-hotspot-static\">\n\t\t\t<div class=\"wd-image-hotspot-hotspots\">\n\t\t\t\t\t\t\t\t\t<img loading=\"lazy\" decoding=\"async\" width=\"1024\" height=\"315\" src=\"https:\/\/www.folien-arbeiter.de\/blog\/wp-content\/uploads\/2020\/01\/IMG_20191215_1929371-1024x315.jpg\" class=\"wd-image-hotspot-img\" alt=\"\" srcset=\"https:\/\/www.folien-arbeiter.de\/blog\/wp-content\/uploads\/2020\/01\/IMG_20191215_1929371-1024x315.jpg 1024w, https:\/\/www.folien-arbeiter.de\/blog\/wp-content\/uploads\/2020\/01\/IMG_20191215_1929371-500x154.jpg 500w, https:\/\/www.folien-arbeiter.de\/blog\/wp-content\/uploads\/2020\/01\/IMG_20191215_1929371-150x46.jpg 150w, https:\/\/www.folien-arbeiter.de\/blog\/wp-content\/uploads\/2020\/01\/IMG_20191215_1929371-700x215.jpg 700w, https:\/\/www.folien-arbeiter.de\/blog\/wp-content\/uploads\/2020\/01\/IMG_20191215_1929371-300x92.jpg 300w, https:\/\/www.folien-arbeiter.de\/blog\/wp-content\/uploads\/2020\/01\/IMG_20191215_1929371-768x236.jpg 768w, https:\/\/www.folien-arbeiter.de\/blog\/wp-content\/uploads\/2020\/01\/IMG_20191215_1929371-1536x472.jpg 1536w, https:\/\/www.folien-arbeiter.de\/blog\/wp-content\/uploads\/2020\/01\/IMG_20191215_1929371-2048x630.jpg 2048w, https:\/\/www.folien-arbeiter.de\/blog\/wp-content\/uploads\/2020\/01\/IMG_20191215_1929371-1000x307.jpg 1000w\" sizes=\"auto, (max-width: 1024px) 100vw, 1024px\" title=\"\">\t\t\t\t\n\t\t\t\t\t\t\t\t\t\t\t\t\t\t<div class=\"wd-image-hotspot hotspot-type-product elementor-repeater-item-3fd1e01\">\n\t\t\t\t\t\t<span class=\"hotspot-sonar\"><\/span>\n\t\t\t\t\t\t<div class=\"hotspot-btn wd-role-btn wd-fill\" tabindex=\"0\"><\/div>\n\n\t\t\t\t\t\t\t\t\t\t\t\t\t<div class=\"hotspot-text hotspot-content hotspot-dropdown-left\">\n\t\t\t\t\t\t\t\t<div class=\"hotspot-content-image\">\n\t\t\t\t\t\t\t\t\t\t\t\t\t\t\t\t\t<\/div>\n\t\t\t\t\t\t\t\t\n\t\t\t\t\t\t\t\t<h4 class=\"wd-entities-title\">\n\t\t\t\t\t\t\t\t\t\t\t\t\t\t\t\t\t<\/h4>\n\t\t\t\t\t\t\t\t\n\t\t\t\t\t\t\t\t<div class=\"hotspot-content-text reset-last-child\">\n\t\t\t\t\t\t\t\t\t\t\t\t\t\t\t\t\t<\/div>\n\n\t\t\t\t\t\t\t\t\t\t\t\t\t\t\t<\/div>\n\t\t\t\t\t\t\t\t\t\t\t<\/div>\n\t\t\t\t\t\t\t<\/div>\n\t\t<\/div>\n\t\t\t\t\t\t<\/div>\n\t\t\t\t<\/div>\n\t\t\t\t\t<\/div>\n\t\t<\/div>\n\t\t\t\t\t<\/div>\n\t\t<\/section>\n\t\t\t\t<\/div>\n\t\t","protected":false},"excerpt":{"rendered":"<p><strong>Gestalten Sie Ihr individuelles Firmenschild mit unserem benutzerfreundlichen Schilder Konfigurator.<\/strong><\/p>\n<p>Unsere Schilder werden aus robustem 3mm Aluverbund Material gefertigt und sind sowohl wetterfest als auch UV-stabil, ideal f\u00fcr Wandmontage oder frei stehende Rahmenmontage. Der Online-Schilder Konfigurator von Folien-Arbeiter.de bietet Ihnen eine Vielzahl von Gestaltungsm\u00f6glichkeiten:<\/p>\n<ul>\n<li><strong>Vielf\u00e4ltige Farb- und Schriftarten-Auswahl:<\/strong> Entdecken Sie die breite Palette an Farben und Schriftarten, um Ihr Schild nach Ihren W\u00fcnschen zu gestalten.<\/li>\n<li><strong>Einfache Bedienung:<\/strong> Mit unserem intuitiven Online-Editor k\u00f6nnen Sie im Handumdrehen Ihr Firmenschild gestalten.<\/li>\n<li><strong>Logo-Integration:<\/strong> F\u00fcgen Sie Ihr Firmenlogo als JPG oder SVG Datei hinzu und machen Sie Ihr Schild einzigartig.<\/li>\n<\/ul>\n<p>Beginnen Sie jetzt mit der Gestaltung Ihres Firmenschildes und entdecken Sie die unbegrenzten M\u00f6glichkeiten, die unser Schilder Konfigurator bietet!<\/p>\n","protected":false},"featured_media":13808,"template":"","meta":[],"product_brand":[],"product_cat":[3703],"product_tag":[4046,4045],"class_list":{"0":"post-13783","1":"product","2":"type-product","3":"status-publish","4":"has-post-thumbnail","6":"product_cat-beschilderung","7":"product_tag-firmenschilder","8":"product_tag-schilder","10":"first","11":"instock","12":"taxable","13":"shipping-taxable","14":"purchasable","15":"product-type-variable","16":"has-default-attributes"},"_links":{"self":[{"href":"https:\/\/www.folien-arbeiter.de\/blog\/wp-json\/wp\/v2\/product\/13783","targetHints":{"allow":["GET"]}}],"collection":[{"href":"https:\/\/www.folien-arbeiter.de\/blog\/wp-json\/wp\/v2\/product"}],"about":[{"href":"https:\/\/www.folien-arbeiter.de\/blog\/wp-json\/wp\/v2\/types\/product"}],"version-history":[{"count":0,"href":"https:\/\/www.folien-arbeiter.de\/blog\/wp-json\/wp\/v2\/product\/13783\/revisions"}],"wp:featuredmedia":[{"embeddable":true,"href":"https:\/\/www.folien-arbeiter.de\/blog\/wp-json\/wp\/v2\/media\/13808"}],"wp:attachment":[{"href":"https:\/\/www.folien-arbeiter.de\/blog\/wp-json\/wp\/v2\/media?parent=13783"}],"wp:term":[{"taxonomy":"product_brand","embeddable":true,"href":"https:\/\/www.folien-arbeiter.de\/blog\/wp-json\/wp\/v2\/product_brand?post=13783"},{"taxonomy":"product_cat","embeddable":true,"href":"https:\/\/www.folien-arbeiter.de\/blog\/wp-json\/wp\/v2\/product_cat?post=13783"},{"taxonomy":"product_tag","embeddable":true,"href":"https:\/\/www.folien-arbeiter.de\/blog\/wp-json\/wp\/v2\/product_tag?post=13783"}],"curies":[{"name":"wp","href":"https:\/\/api.w.org\/{rel}","templated":true}]}}