{"id":13717,"date":"2019-12-31T16:57:01","date_gmt":"2019-12-31T15:57:01","guid":{"rendered":"https:\/\/www.folien-arbeiter.de\/blog\/produkt\/import-placeholder-for-14379\/"},"modified":"2024-03-14T14:09:51","modified_gmt":"2024-03-14T12:09:51","slug":"geburtstags-banner","status":"publish","type":"product","link":"https:\/\/www.folien-arbeiter.de\/blog\/produkt\/geburtstags-banner\/","title":{"rendered":"Geburtstagsbanner f\u00fcr die Party online gestalten"},"content":{"rendered":"<h2>Geburtstagsbanner &#8211; wetterfest und individuell gestaltet<\/h2>\n<p>Sie suchen nach einer ausgefallenen Geschenkidee? Dann ist das Geburtstagsbanner die perfekte L\u00f6sung. Das hochwertige Banner im Gro\u00dfformat wird von uns nach Ihren Vorgaben bedruckt. Einfach ausrollen und aufstellen &#8211; fertig ist Ihr ganz pers\u00f6nliches Geschenk.<\/p>\n<h3>\u00dcberraschen Sie einen geliebten Menschen<\/h3>\n<div id=\"attachment_15070\" style=\"width: 659px\" class=\"wp-caption alignleft\"><img loading=\"lazy\" decoding=\"async\" aria-describedby=\"caption-attachment-15070\" class=\" wd-lazy-fade size-full wp-image-15070\" src=\"https:\/\/www.folien-arbeiter.de\/blog\/wp-content\/themes\/woodmart\/images\/lazy.svg\" data-src=\"https:\/\/www.folien-arbeiter.de\/blog\/wp-content\/uploads\/2019\/12\/Banner3.png\" alt=\"\" width=\"649\" height=\"490\" title=\"\" srcset=\"\" data-srcset=\"https:\/\/www.folien-arbeiter.de\/blog\/wp-content\/uploads\/2019\/12\/Banner3.png 649w, https:\/\/www.folien-arbeiter.de\/blog\/wp-content\/uploads\/2019\/12\/Banner3-500x378.png 500w, https:\/\/www.folien-arbeiter.de\/blog\/wp-content\/uploads\/2019\/12\/Banner3-150x113.png 150w, https:\/\/www.folien-arbeiter.de\/blog\/wp-content\/uploads\/2019\/12\/Banner3-300x227.png 300w, https:\/\/www.folien-arbeiter.de\/blog\/wp-content\/uploads\/2019\/12\/Banner3-66x50.png 66w, https:\/\/www.folien-arbeiter.de\/blog\/wp-content\/uploads\/2019\/12\/Banner3-106x80.png 106w\" sizes=\"auto, (max-width: 649px) 100vw, 649px\" \/><p id=\"caption-attachment-15070\" class=\"wp-caption-text\">Foto Herz<\/p><\/div>\n<p>mit einem Geburtstagsplakat oder auch Geburtstagslacken, das individuell gestaltete Geburtstags Banner ist eine hervorragende Alternative, wenn Ihnen Geschenke von der Stange zum Hals heraush\u00e4ngen. \u00dcberraschen Sie das Geburtstagskind mit einem ganz pers\u00f6nlichen Gru\u00df, der zugleich als tolle Erinnerung an den Geburtstag dient. Das Banner eignet sich besonders f\u00fcr runde Geburtstage oder ein besonderes Jubil\u00e4um. Ob im Verein, f\u00fcr die beste Freundin oder einen Arbeitskollegen: Mit dieser \u00dcberraschung liegen Sie garantiert goldrichtig.<\/p>\n<h3>Ihr Geburtstagsbanner im hochaufl\u00f6senden Digitaldruck<\/h3>\n<p>Ihr Geburtstagsbanner bedrucken wir im hochaufl\u00f6senden Digitaldruck mit Ihrem Wunschmotiv. Sie erhalten ein hochwertiges und langlebiges Erinnerungsst\u00fcck an den Geburtstag. Das Banner ist wetterfest, knick unempfindlich und durch das geringe Gewicht einfach zu transportieren. So steht Ihnen v\u00f6llig frei, an welchem Ort Sie Ihr Banner platzieren.<\/p>\n<h2><a href=\"https:\/\/www.folien-arbeiter.de\/blog\/create-your-own\/?product_id=13717&amp;variation_id=0&amp;reference=b6c55311611646042s&amp;nbd_share_id=b6c55311611646042s&amp;t=1611747454176\">&gt; Jetzt personalisierte Banner kaufen &lt;<\/a><\/h2>\n<p>Ein selbst gestaltetes Geburtstagsbanner ist der Blickfang auf jeder Party. Ob im Freundeskreis, unter Kollegen oder in der Familie: Mit einem personalisierten Banner zeigen Sie dem Geburtstagskind Ihre Wertsch\u00e4tzung. Entwerfen Sie jetzt Ihr eigenes Motiv und bestellen Sie Ihr Geburtstagsbanner g\u00fcnstig online.<\/p>\n<p>Geburtstagsplakat oder auch Geburtstagslacken werden aus unserer Netzgitterplane gefertigt. Die Plane ist Wind durchl\u00e4ssig und nur 50 % der Windlast ausgesetzt.<\/p>\n<h3>Der besondere H\u00f6hepunkt: ein Geburtstagsbanner aus Meshplane<\/h3>\n<p>Den Geburtstag ganz gro\u00df rauskommen lassen, wie es sich an diesem Ehrentag geh\u00f6rt. Egal, ob 18., 20., 25., 30. &#8230;. oder 60. Geburtstag, ein <strong>Happy Birthday-Banner<\/strong> erfreut einfach jeden! Unsere Mesh Deko-Banner geh\u00f6ren zur perfekten <strong>Geburtstagsdekoration<\/strong> einfach dazu.<\/p>\n<p><img loading=\"lazy\" decoding=\"async\" src=\"https:\/\/www.folien-arbeiter.de\/blog\/wp-content\/uploads\/2019\/12\/girl-812482_640.jpg\" alt=\"\" width=\"243\" height=\"173\" title=\"\"><strong>Auch zum Kindergeburtstag<\/strong><br \/>\nkann die PVC\u00a0 Meshplane ganz einfach gestaltet werden und so zum H\u00f6hepunkt der\u00a0 Kinder \u2013 Geburtstagsparty werden.<br \/>\n<a href=\"https:\/\/www.folien-arbeiter.de\/blog\/create-your-own\/?product_id=13717&amp;variation_id=0&amp;reference=93217491614063303s&amp;nbd_share_id=93217491614063303s&amp;t=1614063307188\">Lege jetzt gleich los und gestalte Deinen Party-Banner<\/a><\/p>\n<figure>    <div class=\"nbd-gallery-item-templates\">\n            <div class=\"template nbd-col-5\">\n            <div class=\"main\">\n                <a href=\"https:\/\/www.folien-arbeiter.de\/blog\/create-your-own\/?product_id=22216&#038;variation_id=0&#038;reference=a5a21521766949798\">\n                    <img decoding=\"async\" src=\"https:\/\/www.folien-arbeiter.de\/blog\/wp-content\/uploads\/nbdesigner\/designs\/a5a21521766949798\/preview\/frame_0.png\" class=\"nbdesigner-img\" alt=\"\" title=\"\">\n                    <span>Jetzt Gestalten<\/span>\n                <\/a>\n                <p>F\u00c4RGKREIS<\/p>\n            <\/div>\n        <\/div>\n            <div class=\"template nbd-col-5\">\n            <div class=\"main\">\n                <a href=\"https:\/\/www.folien-arbeiter.de\/blog\/create-your-own\/?product_id=15257&#038;variation_id=0&#038;reference=06694591765901258\">\n                    <img decoding=\"async\" src=\"https:\/\/www.folien-arbeiter.de\/blog\/wp-content\/uploads\/nbdesigner\/designs\/06694591765901258\/preview\/frame_0.png\" class=\"nbdesigner-img\" alt=\"\" title=\"\">\n                    <span>Jetzt Gestalten<\/span>\n                <\/a>\n                <p>HeirateMich<\/p>\n            <\/div>\n        <\/div>\n            <div class=\"template nbd-col-5\">\n            <div class=\"main\">\n                <a href=\"https:\/\/www.folien-arbeiter.de\/blog\/create-your-own\/?product_id=15257&#038;variation_id=0&#038;reference=92622121765901165\">\n                    <img decoding=\"async\" src=\"https:\/\/www.folien-arbeiter.de\/blog\/wp-content\/uploads\/nbdesigner\/designs\/92622121765901165\/preview\/frame_0.png\" class=\"nbdesigner-img\" alt=\"\" title=\"\">\n                    <span>Jetzt Gestalten<\/span>\n                <\/a>\n                <p>HerzenGold<\/p>\n            <\/div>\n        <\/div>\n            <div class=\"template nbd-col-5\">\n            <div class=\"main\">\n                <a href=\"https:\/\/www.folien-arbeiter.de\/blog\/create-your-own\/?product_id=15257&#038;variation_id=0&#038;reference=dfd62481765901101\">\n                    <img decoding=\"async\" src=\"https:\/\/www.folien-arbeiter.de\/blog\/wp-content\/uploads\/nbdesigner\/designs\/dfd62481765901101\/preview\/frame_0.png\" class=\"nbdesigner-img\" alt=\"\" title=\"\">\n                    <span>Jetzt Gestalten<\/span>\n                <\/a>\n                <p>HerzenPuderzucker<\/p>\n            <\/div>\n        <\/div>\n            <div class=\"template nbd-col-5\">\n            <div class=\"main\">\n                <a href=\"https:\/\/www.folien-arbeiter.de\/blog\/create-your-own\/?product_id=15257&#038;variation_id=0&#038;reference=9853c591765900981\">\n                    <img decoding=\"async\" src=\"https:\/\/www.folien-arbeiter.de\/blog\/wp-content\/uploads\/nbdesigner\/designs\/9853c591765900981\/preview\/frame_0.png\" class=\"nbdesigner-img\" alt=\"\" title=\"\">\n                    <span>Jetzt Gestalten<\/span>\n                <\/a>\n                <p>StrandHerzenMeer<\/p>\n            <\/div>\n        <\/div>\n            <div class=\"template nbd-col-5\">\n            <div class=\"main\">\n                <a href=\"https:\/\/www.folien-arbeiter.de\/blog\/create-your-own\/?product_id=21449&#038;variation_id=0&#038;reference=4937e401754412763\">\n                    <img decoding=\"async\" src=\"https:\/\/www.folien-arbeiter.de\/blog\/wp-content\/uploads\/nbdesigner\/designs\/4937e401754412763\/preview\/frame_0.png\" class=\"nbdesigner-img\" alt=\"\" title=\"\">\n                    <span>Jetzt Gestalten<\/span>\n                <\/a>\n                <p>Level 40 Unlocked<\/p>\n            <\/div>\n        <\/div>\n            <div class=\"template nbd-col-5\">\n            <div class=\"main\">\n                <a href=\"https:\/\/www.folien-arbeiter.de\/blog\/create-your-own\/?product_id=21057&#038;variation_id=0&#038;reference=0365e701727878380\">\n                    <img decoding=\"async\" src=\"https:\/\/www.folien-arbeiter.de\/blog\/wp-content\/uploads\/2024\/10\/Sepia-Memories-Mesh-IV.jpg\" class=\"nbdesigner-img\" alt=\"\" title=\"\">\n                    <span>Jetzt Gestalten<\/span>\n                <\/a>\n                <p>Sepia Memories Mesh<\/p>\n            <\/div>\n        <\/div>\n            <div class=\"template nbd-col-5\">\n            <div class=\"main\">\n                <a href=\"https:\/\/www.folien-arbeiter.de\/blog\/create-your-own\/?product_id=15666&#038;variation_id=0&#038;reference=33913181727856439\">\n                    <img decoding=\"async\" src=\"https:\/\/www.folien-arbeiter.de\/blog\/wp-content\/uploads\/nbdesigner\/designs\/33913181727856439\/preview\/frame_0.png\" class=\"nbdesigner-img\" alt=\"\" title=\"\">\n                    <span>Jetzt Gestalten<\/span>\n                <\/a>\n                <p>Tafelschwarz<\/p>\n            <\/div>\n        <\/div>\n            <div class=\"template nbd-col-5\">\n            <div class=\"main\">\n                <a href=\"https:\/\/www.folien-arbeiter.de\/blog\/create-your-own\/?product_id=21028&#038;variation_id=0&#038;reference=11995931726866371\">\n                    <img decoding=\"async\" src=\"https:\/\/www.folien-arbeiter.de\/blog\/wp-content\/uploads\/nbdesigner\/designs\/11995931726866371\/preview\/frame_0.png\" class=\"nbdesigner-img\" alt=\"\" title=\"\">\n                    <span>Jetzt Gestalten<\/span>\n                <\/a>\n                <p>Geburtstagsbanner-Lebens-Bilder-Mix<\/p>\n            <\/div>\n        <\/div>\n            <div class=\"template nbd-col-5\">\n            <div class=\"main\">\n                <a href=\"https:\/\/www.folien-arbeiter.de\/blog\/create-your-own\/?product_id=16068&#038;variation_id=0&#038;reference=a44324989a\">\n                    <img decoding=\"async\" src=\"https:\/\/www.folien-arbeiter.de\/blog\/wp-content\/uploads\/nbdesigner\/designs\/a44324989a\/preview\/frame_0.png\" class=\"nbdesigner-img\" alt=\"\" title=\"\">\n                    <span>Jetzt Gestalten<\/span>\n                <\/a>\n                <p>40 ist nur eine Zahl - personalisierter Geburtstagsbanner mit Erinnerungen<\/p>\n            <\/div>\n        <\/div>\n            <div class=\"template nbd-col-5\">\n            <div class=\"main\">\n                <a href=\"https:\/\/www.folien-arbeiter.de\/blog\/create-your-own\/?product_id=15632&#038;variation_id=0&#038;reference=d6bc311726752063\">\n                    <img decoding=\"async\" src=\"https:\/\/www.folien-arbeiter.de\/blog\/wp-content\/uploads\/nbdesigner\/designs\/d6bc311726752063\/preview\/frame_0.png\" class=\"nbdesigner-img\" alt=\"\" title=\"\">\n                    <span>Jetzt Gestalten<\/span>\n                <\/a>\n                <p>Happy Birthday 4 Bildern<\/p>\n            <\/div>\n        <\/div>\n            <div class=\"template nbd-col-5\">\n            <div class=\"main\">\n                <a href=\"https:\/\/www.folien-arbeiter.de\/blog\/create-your-own\/?product_id=21007&#038;variation_id=0&#038;reference=3b2f941726162249\">\n                    <img decoding=\"async\" src=\"https:\/\/www.folien-arbeiter.de\/blog\/wp-content\/uploads\/nbdesigner\/designs\/3b2f941726162249\/preview\/frame_0.png\" class=\"nbdesigner-img\" alt=\"\" title=\"\">\n                    <span>Jetzt Gestalten<\/span>\n                <\/a>\n                <p>Happy Birthday 7 Bilder<\/p>\n            <\/div>\n        <\/div>\n            <div class=\"template nbd-col-5\">\n            <div class=\"main\">\n                <a href=\"https:\/\/www.folien-arbeiter.de\/blog\/create-your-own\/?product_id=16439&#038;variation_id=0&#038;reference=4ccd8151702745988\">\n                    <img decoding=\"async\" src=\"https:\/\/www.folien-arbeiter.de\/blog\/wp-content\/uploads\/nbdesigner\/designs\/4ccd8151702745988\/preview\/frame_0.png\" class=\"nbdesigner-img\" alt=\"\" title=\"\">\n                    <span>Jetzt Gestalten<\/span>\n                <\/a>\n                <p>40JahreGlanzImHerzen<\/p>\n            <\/div>\n        <\/div>\n            <div class=\"template nbd-col-5\">\n            <div class=\"main\">\n                <a href=\"https:\/\/www.folien-arbeiter.de\/blog\/create-your-own\/?product_id=16068&#038;variation_id=0&#038;reference=5a29b881678903992\">\n                    <img decoding=\"async\" src=\"https:\/\/www.folien-arbeiter.de\/blog\/wp-content\/uploads\/nbdesigner\/designs\/5a29b881678903992\/preview\/frame_0.png\" class=\"nbdesigner-img\" alt=\"\" title=\"\">\n                    <span>Jetzt Gestalten<\/span>\n                <\/a>\n                <p>40istnureineZahl<\/p>\n            <\/div>\n        <\/div>\n            <div class=\"template nbd-col-5\">\n            <div class=\"main\">\n                <a href=\"https:\/\/www.folien-arbeiter.de\/blog\/create-your-own\/?product_id=15706&#038;variation_id=0&#038;reference=d94b8511638054677\">\n                    <img decoding=\"async\" src=\"https:\/\/www.folien-arbeiter.de\/blog\/wp-content\/uploads\/nbdesigner\/designs\/d94b8511638054677\/preview\/frame_0.png\" class=\"nbdesigner-img\" alt=\"\" title=\"\">\n                    <span>Jetzt Gestalten<\/span>\n                <\/a>\n                <p>Hausnummer und Name<\/p>\n            <\/div>\n        <\/div>\n            <div class=\"template nbd-col-5\">\n            <div class=\"main\">\n                <a href=\"https:\/\/www.folien-arbeiter.de\/blog\/create-your-own\/?product_id=15670&#038;variation_id=0&#038;reference=93d2b521636788471\">\n                    <img decoding=\"async\" src=\"https:\/\/www.folien-arbeiter.de\/blog\/wp-content\/uploads\/nbdesigner\/designs\/93d2b521636788471\/preview\/frame_0.png\" class=\"nbdesigner-img\" alt=\"\" title=\"\">\n                    <span>Jetzt Gestalten<\/span>\n                <\/a>\n                <p>Goldene Hochzeit Ringe<\/p>\n            <\/div>\n        <\/div>\n            <div class=\"template nbd-col-5\">\n            <div class=\"main\">\n                <a href=\"https:\/\/www.folien-arbeiter.de\/blog\/create-your-own\/?product_id=15668&#038;variation_id=0&#038;reference=58027641636727690\">\n                    <img decoding=\"async\" src=\"https:\/\/www.folien-arbeiter.de\/blog\/wp-content\/uploads\/nbdesigner\/designs\/58027641636727690\/preview\/frame_0.png\" class=\"nbdesigner-img\" alt=\"\" title=\"\">\n                    <span>Jetzt Gestalten<\/span>\n                <\/a>\n                <p>XX Jahre schon auf dieser Welt<\/p>\n            <\/div>\n        <\/div>\n            <div class=\"template nbd-col-5\">\n            <div class=\"main\">\n                <a href=\"https:\/\/www.folien-arbeiter.de\/blog\/create-your-own\/?product_id=15663&#038;variation_id=0&#038;reference=cb506441636710854\">\n                    <img decoding=\"async\" src=\"https:\/\/www.folien-arbeiter.de\/blog\/wp-content\/uploads\/nbdesigner\/designs\/cb506441636710854\/preview\/frame_0.png\" class=\"nbdesigner-img\" alt=\"\" title=\"\">\n                    <span>Jetzt Gestalten<\/span>\n                <\/a>\n                <p>Banner Fotoherz Blumen Name Datum<\/p>\n            <\/div>\n        <\/div>\n            <div class=\"template nbd-col-5\">\n            <div class=\"main\">\n                <a href=\"https:\/\/www.folien-arbeiter.de\/blog\/create-your-own\/?product_id=15646&#038;variation_id=0&#038;reference=297a6691636382247\">\n                    <img decoding=\"async\" src=\"https:\/\/www.folien-arbeiter.de\/blog\/wp-content\/uploads\/nbdesigner\/designs\/297a6691636382247\/preview\/frame_0.png\" class=\"nbdesigner-img\" alt=\"\" title=\"\">\n                    <span>Jetzt Gestalten<\/span>\n                <\/a>\n                <p>Hochzeits Ringe Blumen Spruch<\/p>\n            <\/div>\n        <\/div>\n            <div class=\"template nbd-col-5\">\n            <div class=\"main\">\n                <a href=\"https:\/\/www.folien-arbeiter.de\/blog\/create-your-own\/?product_id=15643&#038;variation_id=0&#038;reference=bc858551636360873\">\n                    <img decoding=\"async\" src=\"https:\/\/www.folien-arbeiter.de\/blog\/wp-content\/uploads\/nbdesigner\/designs\/bc858551636360873\/preview\/frame_0.png\" class=\"nbdesigner-img\" alt=\"\" title=\"\">\n                    <span>Jetzt Gestalten<\/span>\n                <\/a>\n                <p>Baby Junge-Elefant Hochformat<\/p>\n            <\/div>\n        <\/div>\n        <\/div>\n    <\/figure>\n","protected":false},"excerpt":{"rendered":"<h2>Gestalten Sie Ihren individuellen Geburtstagsbanner! | Folien-Arbeiter.de<\/h2>\n<p>Nutzen Sie unsere vielf\u00e4ltigen Vorlagen und f\u00fcgen Sie eigene Fotos hinzu.<br \/>\nPerfekt f\u00fcr jeden besonderen Anlass!<br \/>\nHochaufl\u00f6sender Digitaldruck auf Meshbanner rundum ges\u00e4umt &amp; ge\u00f6st.<br \/>\nEine wundersch\u00f6ne pers\u00f6nliche Alternative f\u00fcr ein Geburtstagsschild.<br \/>\n<em><strong>Bannerformat:\u00a0 130 cm\u00a0 x 100 cm<\/strong><\/em><\/p>\n<h5>Deine Vorteile auf einem Blick:<\/h5>\n<ul>\n<li>Gut verstaubar sehr leicht<\/li>\n<li>Knick unempfindlich<\/li>\n<li>Wetterfest<\/li>\n<li>Saum und \u00d6sen zur leichten Anbringung<\/li>\n<\/ul>\n","protected":false},"featured_media":15556,"template":"","meta":[],"product_brand":[],"product_cat":[4047],"product_tag":[],"class_list":{"0":"post-13717","1":"product","2":"type-product","3":"status-publish","4":"has-post-thumbnail","6":"product_cat-geburtstag-banner-online-gestalten","8":"first","9":"instock","10":"featured","11":"taxable","12":"shipping-taxable","13":"purchasable","14":"product-type-simple"},"_links":{"self":[{"href":"https:\/\/www.folien-arbeiter.de\/blog\/wp-json\/wp\/v2\/product\/13717","targetHints":{"allow":["GET"]}}],"collection":[{"href":"https:\/\/www.folien-arbeiter.de\/blog\/wp-json\/wp\/v2\/product"}],"about":[{"href":"https:\/\/www.folien-arbeiter.de\/blog\/wp-json\/wp\/v2\/types\/product"}],"version-history":[{"count":0,"href":"https:\/\/www.folien-arbeiter.de\/blog\/wp-json\/wp\/v2\/product\/13717\/revisions"}],"wp:featuredmedia":[{"embeddable":true,"href":"https:\/\/www.folien-arbeiter.de\/blog\/wp-json\/wp\/v2\/media\/15556"}],"wp:attachment":[{"href":"https:\/\/www.folien-arbeiter.de\/blog\/wp-json\/wp\/v2\/media?parent=13717"}],"wp:term":[{"taxonomy":"product_brand","embeddable":true,"href":"https:\/\/www.folien-arbeiter.de\/blog\/wp-json\/wp\/v2\/product_brand?post=13717"},{"taxonomy":"product_cat","embeddable":true,"href":"https:\/\/www.folien-arbeiter.de\/blog\/wp-json\/wp\/v2\/product_cat?post=13717"},{"taxonomy":"product_tag","embeddable":true,"href":"https:\/\/www.folien-arbeiter.de\/blog\/wp-json\/wp\/v2\/product_tag?post=13717"}],"curies":[{"name":"wp","href":"https:\/\/api.w.org\/{rel}","templated":true}]}}