{"id":13344,"date":"2018-03-06T15:40:31","date_gmt":"2018-03-06T14:40:31","guid":{"rendered":"https:\/\/www.folien-arbeiter.de\/blog\/?post_type=product&#038;p=13344"},"modified":"2021-11-12T09:24:59","modified_gmt":"2021-11-12T08:24:59","slug":"werbetasse-keramiktasse-330-ml","status":"publish","type":"product","link":"https:\/\/www.folien-arbeiter.de\/blog\/produkt\/werbetasse-keramiktasse-330-ml\/","title":{"rendered":"Werbetasse-Keramiktasse  330 ml"},"content":{"rendered":"<p>&nbsp;<\/p>\n<ul>\n<li>Hochwertige Keramiktasse mit C-f\u00f6rmigem Henkel<\/li>\n<li>Hochwei\u00df, gl\u00e4nzende Oberfl\u00e4che<\/li>\n<li>Fotodruck von h\u00f6chster Qualit\u00e4t<\/li>\n<li>Sp\u00fclmaschinengeeignet<\/li>\n<li>Mikrowellenbest\u00e4ndig nach BS EN 15284:2007<\/li>\n<li>Fassungsverm\u00f6gen ca. 330 ml<\/li>\n<\/ul>\n<p>&nbsp;<\/p>\n<p>Foto-Tasse Werbetasse<br \/>\nSo\u00a0 bleibe Sie\u00a0 auch nach Jahren noch in Erinnerung<\/p>\n<p>&nbsp;<\/p>\n","protected":false},"excerpt":{"rendered":"<p>Die personalisierte Foto-Werbetasse<br \/>\nSo\u00a0 bleibe Sie\u00a0 auch nach Jahren noch in Erinnerung!<br \/>\nDiese Tasse bietet viel Platz f\u00fcr Ihre Gestaltung.<br \/>\nPersonalisieren Sie diese Tasse mit einem Foto und einem coolen Spruch, schon ist ein tolles Geschenk innerhalb von 3-4 Tage bei Ihnen.<\/p>\n","protected":false},"featured_media":13334,"template":"","meta":[],"product_brand":[],"product_cat":[245],"product_tag":[],"class_list":{"0":"post-13344","1":"product","2":"type-product","3":"status-publish","4":"has-post-thumbnail","6":"product_cat-unkategorisiert","8":"first","9":"instock","10":"taxable","11":"shipping-taxable","12":"purchasable","13":"product-type-simple"},"_links":{"self":[{"href":"https:\/\/www.folien-arbeiter.de\/blog\/wp-json\/wp\/v2\/product\/13344","targetHints":{"allow":["GET"]}}],"collection":[{"href":"https:\/\/www.folien-arbeiter.de\/blog\/wp-json\/wp\/v2\/product"}],"about":[{"href":"https:\/\/www.folien-arbeiter.de\/blog\/wp-json\/wp\/v2\/types\/product"}],"version-history":[{"count":0,"href":"https:\/\/www.folien-arbeiter.de\/blog\/wp-json\/wp\/v2\/product\/13344\/revisions"}],"wp:featuredmedia":[{"embeddable":true,"href":"https:\/\/www.folien-arbeiter.de\/blog\/wp-json\/wp\/v2\/media\/13334"}],"wp:attachment":[{"href":"https:\/\/www.folien-arbeiter.de\/blog\/wp-json\/wp\/v2\/media?parent=13344"}],"wp:term":[{"taxonomy":"product_brand","embeddable":true,"href":"https:\/\/www.folien-arbeiter.de\/blog\/wp-json\/wp\/v2\/product_brand?post=13344"},{"taxonomy":"product_cat","embeddable":true,"href":"https:\/\/www.folien-arbeiter.de\/blog\/wp-json\/wp\/v2\/product_cat?post=13344"},{"taxonomy":"product_tag","embeddable":true,"href":"https:\/\/www.folien-arbeiter.de\/blog\/wp-json\/wp\/v2\/product_tag?post=13344"}],"curies":[{"name":"wp","href":"https:\/\/api.w.org\/{rel}","templated":true}]}}