{"id":12391,"date":"2017-12-21T23:25:16","date_gmt":"2017-12-21T22:25:16","guid":{"rendered":"https:\/\/www.folien-arbeiter.de\/blog\/?post_type=product&#038;p=12391"},"modified":"2023-07-03T09:18:50","modified_gmt":"2023-07-03T07:18:50","slug":"fotokissen-40x40-mit-text","status":"publish","type":"product","link":"https:\/\/www.folien-arbeiter.de\/blog\/produkt\/fotokissen-40x40-mit-text\/","title":{"rendered":"Fotokissen 40&#215;40 mit Text"},"content":{"rendered":"<p>Ein selbst gestaltetes Dekokissen im Format 40 x 40 cm ist auf dem Sofa oder Sessel ein wundersch\u00f6ner Blickfang. Hergestellt aus wei\u00dfem Stoff passt es zu vielen verschiedenen Einrichtungsstilen. Eine sch\u00f6ne Geschenkidee f\u00fcr Deko Liebhaber mit dem pers\u00f6nlichen Touch, die immer gut ankommt.<\/p>\n<p>Produktinformationen:<\/p>\n<p>Farbe: wei\u00dfes Kissen mit einseitigem Aufdruck<br \/>\nMa\u00dfe: ca. 40 cm x 40 cm (B\/H)<br \/>\nMaterial Kissenh\u00fclle: 100 % Polyester mit Rei\u00dfverschluss<br \/>\nMaterial F\u00fcllung: Polyesterwatte<br \/>\nwaschbar bis: 40\u00b0<\/p>\n<p>.<\/p>\n<p>&nbsp;<\/p>\n","protected":false},"excerpt":{"rendered":"<p>Ein selbst gestaltetes DekoKissen im Format 40 x 40 cm ist auf dem Sofa oder Sessel ein wundersch\u00f6ner Blickfang. Hergestellt aus wei\u00dfem Stoff passt es zu vielen verschieden Einrichtungsstilen. Eine sch\u00f6ne Geschenkidee f\u00fcr Dekoliebhaber mit dem Per\u00f6nlichen Touch die immer gut ankommmt.<\/p>\n<p>Produktinformationen:<\/p>\n<p>Farbe: wei\u00dfes Kissen mit einseitigem Aufdruck<br \/>\nMa\u00dfe: ca. 40 cm x 40 cm (B\/H)<br \/>\nMaterial Kissenh\u00fclle: 100 % Polyester mit Reisverschluss<br \/>\nMaterial F\u00fcllung: Polyester Spinnvlies<br \/>\nwaschbar bis: 40\u00b0<\/p>\n<p>&nbsp;<\/p>\n","protected":false},"featured_media":12408,"template":"","meta":[],"product_brand":[],"product_cat":[214],"product_tag":[],"class_list":{"0":"post-12391","1":"product","2":"type-product","3":"status-publish","4":"has-post-thumbnail","6":"product_cat-geschenk-ideen-do-it-yourself","7":"product_shipping_class-dhl","9":"first","10":"instock","11":"taxable","12":"shipping-taxable","13":"purchasable","14":"product-type-variable"},"_links":{"self":[{"href":"https:\/\/www.folien-arbeiter.de\/blog\/wp-json\/wp\/v2\/product\/12391","targetHints":{"allow":["GET"]}}],"collection":[{"href":"https:\/\/www.folien-arbeiter.de\/blog\/wp-json\/wp\/v2\/product"}],"about":[{"href":"https:\/\/www.folien-arbeiter.de\/blog\/wp-json\/wp\/v2\/types\/product"}],"version-history":[{"count":0,"href":"https:\/\/www.folien-arbeiter.de\/blog\/wp-json\/wp\/v2\/product\/12391\/revisions"}],"wp:featuredmedia":[{"embeddable":true,"href":"https:\/\/www.folien-arbeiter.de\/blog\/wp-json\/wp\/v2\/media\/12408"}],"wp:attachment":[{"href":"https:\/\/www.folien-arbeiter.de\/blog\/wp-json\/wp\/v2\/media?parent=12391"}],"wp:term":[{"taxonomy":"product_brand","embeddable":true,"href":"https:\/\/www.folien-arbeiter.de\/blog\/wp-json\/wp\/v2\/product_brand?post=12391"},{"taxonomy":"product_cat","embeddable":true,"href":"https:\/\/www.folien-arbeiter.de\/blog\/wp-json\/wp\/v2\/product_cat?post=12391"},{"taxonomy":"product_tag","embeddable":true,"href":"https:\/\/www.folien-arbeiter.de\/blog\/wp-json\/wp\/v2\/product_tag?post=12391"}],"curies":[{"name":"wp","href":"https:\/\/api.w.org\/{rel}","templated":true}]}}