{"id":11802,"date":"2021-06-09T11:19:39","date_gmt":"2021-06-09T10:19:39","guid":{"rendered":"https:\/\/www.folien-arbeiter.de\/blog\/?post_type=product&#038;p=11802"},"modified":"2024-01-09T11:43:36","modified_gmt":"2024-01-09T09:43:36","slug":"werbebanner-online-gestalten","status":"publish","type":"product","link":"https:\/\/www.folien-arbeiter.de\/blog\/produkt\/werbebanner-online-gestalten\/","title":{"rendered":"Werbebanner online gestalten"},"content":{"rendered":"<p>&nbsp;<\/p>\n<h2>Werbebanner f\u00fcr Ihre Veranstaltung<\/h2>\n<p>Unsere Mesh-Planen sind lichtdurchl\u00e4ssige Netzgitterplanen, die f\u00fcr gro\u00dfformatige Werbedrucken verwendet werden. Witterungsbest\u00e4ndig und abwaschbare PVC-Maschen-Gewebe macht das XXL-Banner zum Hingucker. Ein fein gelochtes, windundurchl\u00e4ssiges Netz-Gewebe verringert die Windlast besonders bei luftigen Au\u00dfeneins\u00e4tzen \u2013 zum Beispiel auf Ger\u00fcsten und an Fassaden. Der gro\u00dfe Vorteil von Mesh-Planen ist ihr geringes Gewicht. Unsere Mesh Planen werden in Handarbeit auf h\u00f6chstem Qualit\u00e4tsniveau gefertigt und sind B1 zertifiziert.<\/p>\n","protected":false},"excerpt":{"rendered":"<h2>Werbebanner f\u00fcr Ihre Veranstaltung<\/h2>\n<p>Rundum ges\u00e4umter Banner mit 12 mm \u00d6sen, erleichtert das Aufh\u00e4ngen.<br \/>\nW\u00e4hle ein Bannerformat aus 12 verschiedenen Variationen.<\/p>\n","protected":false},"featured_media":15494,"template":"","meta":[],"product_brand":[],"product_cat":[245],"product_tag":[],"class_list":{"0":"post-11802","1":"product","2":"type-product","3":"status-publish","4":"has-post-thumbnail","6":"product_cat-unkategorisiert","8":"first","9":"instock","10":"taxable","11":"shipping-taxable","12":"purchasable","13":"product-type-variable","14":"has-default-attributes"},"_links":{"self":[{"href":"https:\/\/www.folien-arbeiter.de\/blog\/wp-json\/wp\/v2\/product\/11802","targetHints":{"allow":["GET"]}}],"collection":[{"href":"https:\/\/www.folien-arbeiter.de\/blog\/wp-json\/wp\/v2\/product"}],"about":[{"href":"https:\/\/www.folien-arbeiter.de\/blog\/wp-json\/wp\/v2\/types\/product"}],"version-history":[{"count":0,"href":"https:\/\/www.folien-arbeiter.de\/blog\/wp-json\/wp\/v2\/product\/11802\/revisions"}],"wp:featuredmedia":[{"embeddable":true,"href":"https:\/\/www.folien-arbeiter.de\/blog\/wp-json\/wp\/v2\/media\/15494"}],"wp:attachment":[{"href":"https:\/\/www.folien-arbeiter.de\/blog\/wp-json\/wp\/v2\/media?parent=11802"}],"wp:term":[{"taxonomy":"product_brand","embeddable":true,"href":"https:\/\/www.folien-arbeiter.de\/blog\/wp-json\/wp\/v2\/product_brand?post=11802"},{"taxonomy":"product_cat","embeddable":true,"href":"https:\/\/www.folien-arbeiter.de\/blog\/wp-json\/wp\/v2\/product_cat?post=11802"},{"taxonomy":"product_tag","embeddable":true,"href":"https:\/\/www.folien-arbeiter.de\/blog\/wp-json\/wp\/v2\/product_tag?post=11802"}],"curies":[{"name":"wp","href":"https:\/\/api.w.org\/{rel}","templated":true}]}}