{"id":15624,"date":"2021-11-01T10:42:41","date_gmt":"2021-11-01T09:42:41","guid":{"rendered":"https:\/\/www.folien-arbeiter.de\/blog\/?page_id=15624"},"modified":"2021-11-01T22:55:36","modified_gmt":"2021-11-01T21:55:36","slug":"angebot-anhaenger-beschriftung","status":"publish","type":"page","link":"https:\/\/www.folien-arbeiter.de\/blog\/angebot-anhaenger-beschriftung\/","title":{"rendered":"Angebot Anh\u00e4nger Beschriftung"},"content":{"rendered":"\n<div class=\"wp-block-image\"><figure class=\"aligncenter size-large\"><a href=\"https:\/\/www.folien-arbeiter.de\/blog\/wp-content\/uploads\/2018\/03\/anh\u00e4ngerbeschriftung.jpg\"><img loading=\"lazy\" decoding=\"async\" width=\"1024\" height=\"666\" src=\"https:\/\/www.folien-arbeiter.de\/blog\/wp-content\/themes\/woodmart\/images\/lazy.svg\" data-src=\"https:\/\/www.folien-arbeiter.de\/blog\/wp-content\/uploads\/2018\/03\/anh\u00e4ngerbeschriftung-1024x666.jpg\" alt=\"Anh\u00e4ngerbeschriftung mit 4C Druck\" class=\" wd-lazy-fade wp-image-13379\" title=\"\" srcset=\"\" data-srcset=\"https:\/\/www.folien-arbeiter.de\/blog\/wp-content\/uploads\/2018\/03\/anh\u00e4ngerbeschriftung-1024x666.jpg 1024w, https:\/\/www.folien-arbeiter.de\/blog\/wp-content\/uploads\/2018\/03\/anh\u00e4ngerbeschriftung-500x325.jpg 500w, https:\/\/www.folien-arbeiter.de\/blog\/wp-content\/uploads\/2018\/03\/anh\u00e4ngerbeschriftung-150x98.jpg 150w, https:\/\/www.folien-arbeiter.de\/blog\/wp-content\/uploads\/2018\/03\/anh\u00e4ngerbeschriftung-700x456.jpg 700w, https:\/\/www.folien-arbeiter.de\/blog\/wp-content\/uploads\/2018\/03\/anh\u00e4ngerbeschriftung-300x195.jpg 300w, https:\/\/www.folien-arbeiter.de\/blog\/wp-content\/uploads\/2018\/03\/anh\u00e4ngerbeschriftung-768x500.jpg 768w, https:\/\/www.folien-arbeiter.de\/blog\/wp-content\/uploads\/2018\/03\/anh\u00e4ngerbeschriftung-200x130.jpg 200w, https:\/\/www.folien-arbeiter.de\/blog\/wp-content\/uploads\/2018\/03\/anh\u00e4ngerbeschriftung-400x260.jpg 400w, https:\/\/www.folien-arbeiter.de\/blog\/wp-content\/uploads\/2018\/03\/anh\u00e4ngerbeschriftung-600x390.jpg 600w, https:\/\/www.folien-arbeiter.de\/blog\/wp-content\/uploads\/2018\/03\/anh\u00e4ngerbeschriftung-800x521.jpg 800w, https:\/\/www.folien-arbeiter.de\/blog\/wp-content\/uploads\/2018\/03\/anh\u00e4ngerbeschriftung.jpg 1088w\" sizes=\"auto, (max-width: 1024px) 100vw, 1024px\" \/><\/a><figcaption>Vollfl\u00e4chige Folienbeschriftung  mit Digitaldruck<\/figcaption><\/figure><\/div>\n\n\n\n<h1 class=\"wp-block-heading\">KONTAKT &#8211; SO ERREICHEN SIE UNS<\/h1>\n\n\n\n<p><strong>UNSERE B\u00dcROZEITEN&nbsp;<\/strong>(Termine bitten wir immer vorab telefonisch abzustimmen!)<br>Montag bis Donnerstag: 09.00 Uhr- 16:00 Uhr, Freitag: &nbsp;09.00 Uhr- 15.00 Uhr,&nbsp; Samstag: geschlossen<\/p>\n\n\n\n<div class=\"wp-block-columns is-layout-flex wp-container-core-columns-is-layout-9d6595d7 wp-block-columns-is-layout-flex\">\n<div class=\"wp-block-column is-layout-flow wp-block-column-is-layout-flow\" style=\"flex-basis:66.66%\">\n<p>F\u00fcllen Sie einfach das folgende Formular aus und wir erstellen Ihnen ein Angebot, beantworten Ihre Fragen oder k\u00fcmmern uns um Ihre Bestellung &#8211; pers\u00f6nlich &#8211; schnell &#8211; g\u00fcnstig!<\/p>\n\n\n\n<div class=\"wp-block-contact-form-7-contact-form-selector\">\n<div class=\"wpcf7 no-js\" id=\"wpcf7-f15622-o1\" lang=\"de-DE\" dir=\"ltr\" data-wpcf7-id=\"15622\">\n<div class=\"screen-reader-response\"><p role=\"status\" aria-live=\"polite\" aria-atomic=\"true\"><\/p> <ul><\/ul><\/div>\n<form action=\"\/blog\/wp-json\/wp\/v2\/pages\/15624#wpcf7-f15622-o1\" method=\"post\" class=\"wpcf7-form init cf7skins cf7s-eggplant\" aria-label=\"Kontaktformular\" enctype=\"multipart\/form-data\" novalidate=\"novalidate\" data-status=\"init\">\n<fieldset class=\"hidden-fields-container\"><input type=\"hidden\" name=\"_wpcf7\" value=\"15622\" \/><input type=\"hidden\" name=\"_wpcf7_version\" value=\"6.1.5\" \/><input type=\"hidden\" name=\"_wpcf7_locale\" value=\"de_DE\" \/><input type=\"hidden\" name=\"_wpcf7_unit_tag\" value=\"wpcf7-f15622-o1\" \/><input type=\"hidden\" name=\"_wpcf7_container_post\" value=\"0\" \/><input type=\"hidden\" name=\"_wpcf7_posted_data_hash\" value=\"\" \/>\n<\/fieldset>\n<label> Ihr Name <span class=\"wpcf7-form-control-wrap\" data-name=\"your-name\"><input size=\"40\" maxlength=\"400\" class=\"wpcf7-form-control wpcf7-text wpcf7-validates-as-required\" aria-required=\"true\" aria-invalid=\"false\" value=\"\" type=\"text\" name=\"your-name\" \/><\/span><\/label>\n<label> Ihre E-Mail-Adresse <span class=\"wpcf7-form-control-wrap\" data-name=\"your-email\"><input size=\"40\" maxlength=\"400\" class=\"wpcf7-form-control wpcf7-email wpcf7-validates-as-required wpcf7-text wpcf7-validates-as-email\" aria-required=\"true\" aria-invalid=\"false\" value=\"\" type=\"email\" name=\"your-email\" \/><\/span><\/label>\n<label> Ihre Telefonnummer <span class=\"wpcf7-form-control-wrap\" data-name=\"tel-810\"><input size=\"40\" maxlength=\"400\" class=\"wpcf7-form-control wpcf7-tel wpcf7-text wpcf7-validates-as-tel\" aria-invalid=\"false\" value=\"\" type=\"tel\" name=\"tel-810\" \/><\/span><\/label>\n<label> Betreff <span class=\"wpcf7-form-control-wrap\" data-name=\"your-subject\"><input size=\"40\" maxlength=\"400\" class=\"wpcf7-form-control wpcf7-text wpcf7-validates-as-required\" aria-required=\"true\" aria-invalid=\"false\" value=\"\" type=\"text\" name=\"your-subject\" \/><\/span> <\/label>\n<label>Anh\u00e4nger Hersteller<span class=\"wpcf7-form-control-wrap\" data-name=\"hersteller\"><input size=\"40\" maxlength=\"400\" class=\"wpcf7-form-control wpcf7-text\" aria-invalid=\"false\" value=\"\" type=\"text\" name=\"hersteller\" \/><\/span>\n<\/label>\n<label> Anh\u00e4nger L\u00e4nge <span class=\"wpcf7-form-control-wrap\" data-name=\"laenge\"><input size=\"40\" maxlength=\"400\" class=\"wpcf7-form-control wpcf7-text\" aria-invalid=\"false\" value=\"\" type=\"text\" name=\"laenge\" \/><\/span>\n<\/label>\n<label> Anh\u00e4nger Breite<span class=\"wpcf7-form-control-wrap\" data-name=\"breite\"><input size=\"40\" maxlength=\"400\" class=\"wpcf7-form-control wpcf7-text\" aria-invalid=\"false\" value=\"\" type=\"text\" name=\"breite\" \/><\/span>\n<\/label>\n<label> Anh\u00e4nger H\u00f6he<span class=\"wpcf7-form-control-wrap\" data-name=\"hoehe\"><input size=\"40\" maxlength=\"400\" class=\"wpcf7-form-control wpcf7-text\" aria-invalid=\"false\" value=\"\" type=\"text\" name=\"hoehe\" \/><\/span>\n<\/label>\n<label> Anh\u00e4nger Type<span class=\"wpcf7-form-control-wrap\" data-name=\"anhaengertyp\"><select class=\"wpcf7-form-control wpcf7-select\" aria-invalid=\"false\" name=\"anhaengertyp\"><option value=\"Kofferanh\u00e4nger\">Kofferanh\u00e4nger<\/option><option value=\"Planenanh\u00e4nger\">Planenanh\u00e4nger<\/option><\/select><\/span>\n<\/label>\n\n<label> Ihre Nachricht an uns:\n    <span class=\"wpcf7-form-control-wrap\" data-name=\"your-message\"><textarea cols=\"40\" rows=\"10\" maxlength=\"2000\" class=\"wpcf7-form-control wpcf7-textarea\" aria-invalid=\"false\" name=\"your-message\"><\/textarea><\/span>\n<\/label>\n\n<label>M\u00f6chten Sie uns eine Datei (10MB max.) mitsenden?<span class=\"wpcf7-form-control-wrap\" data-name=\"file-249\"><input size=\"40\" class=\"wpcf7-form-control wpcf7-file\" accept=\"audio\/*,video\/*,image\/*\" aria-invalid=\"false\" type=\"file\" name=\"file-249\" \/><\/span><\/label>\n\n<span class=\"wpcf7-form-control-wrap\" data-name=\"acceptance-684\"><span class=\"wpcf7-form-control wpcf7-acceptance optional\"><span class=\"wpcf7-list-item\"><label><input type=\"checkbox\" name=\"acceptance-684\" value=\"1\" aria-invalid=\"false\" \/><span class=\"wpcf7-list-item-label\">Die Datenschutzerkl\u00e4rung habe ich gelesen und akzeptiert<\/span><\/label><\/span><\/span><\/span>\n\n<input class=\"wpcf7-form-control wpcf7-submit has-spinner\" type=\"submit\" value=\"E-Mail versenden\" \/><div class=\"wpcf7-response-output\" aria-hidden=\"true\"><\/div>\n<\/form>\n<\/div>\n<\/div>\n<\/div>\n\n\n\n<div class=\"wp-block-column is-layout-flow wp-block-column-is-layout-flow\" style=\"flex-basis:33.33%\">\n<figure class=\"wp-block-image size-large is-style-rounded\"><img loading=\"lazy\" decoding=\"async\" width=\"600\" height=\"239\" src=\"https:\/\/www.folien-arbeiter.de\/blog\/wp-content\/themes\/woodmart\/images\/lazy.svg\" data-src=\"https:\/\/www.folien-arbeiter.de\/blog\/wp-content\/uploads\/2021\/11\/KoffervsPlane.jpg\" alt=\"\" class=\" wd-lazy-fade wp-image-15625\" title=\"\" srcset=\"\" data-srcset=\"https:\/\/www.folien-arbeiter.de\/blog\/wp-content\/uploads\/2021\/11\/KoffervsPlane.jpg 600w, https:\/\/www.folien-arbeiter.de\/blog\/wp-content\/uploads\/2021\/11\/KoffervsPlane-500x199.jpg 500w, https:\/\/www.folien-arbeiter.de\/blog\/wp-content\/uploads\/2021\/11\/KoffervsPlane-150x60.jpg 150w, https:\/\/www.folien-arbeiter.de\/blog\/wp-content\/uploads\/2021\/11\/KoffervsPlane-300x120.jpg 300w, https:\/\/www.folien-arbeiter.de\/blog\/wp-content\/uploads\/2021\/11\/KoffervsPlane-151x60.jpg 151w, https:\/\/www.folien-arbeiter.de\/blog\/wp-content\/uploads\/2021\/11\/KoffervsPlane-226x90.jpg 226w\" sizes=\"auto, (max-width: 600px) 100vw, 600px\" \/><figcaption>Koffer- oder Planenanh\u00e4nger<\/figcaption><\/figure>\n\n\n\n<p>Unsere Angebote erstellen wir von Hand. Damit stellen wir sicher, dass Sie stets die besten Preise f\u00fcr Ihre Projekte bekommen.<\/p>\n<\/div>\n<\/div>\n\n\n\n<p><\/p>\n","protected":false},"excerpt":{"rendered":"<p>KONTAKT &#8211; SO ERREICHEN SIE UNS UNSERE B\u00dcROZEITEN&nbsp;(Termine bitten wir immer vorab telefonisch abzustimmen!)Montag bis Donnerstag: 09.00 Uhr- 16:00 Uhr,<\/p>\n","protected":false},"author":51,"featured_media":13379,"parent":0,"menu_order":0,"comment_status":"closed","ping_status":"closed","template":"","meta":{"footnotes":"","rank_math_title":"","rank_math_description":"","rank_math_focus_keyword":"","rank_math_canonical_url":"","rank_math_facebook_title":"","rank_math_facebook_description":"","rank_math_twitter_title":"","rank_math_twitter_description":"","rank_math_robots":["index"]},"class_list":["post-15624","page","type-page","status-publish","has-post-thumbnail","hentry"],"_links":{"self":[{"href":"https:\/\/www.folien-arbeiter.de\/blog\/wp-json\/wp\/v2\/pages\/15624","targetHints":{"allow":["GET"]}}],"collection":[{"href":"https:\/\/www.folien-arbeiter.de\/blog\/wp-json\/wp\/v2\/pages"}],"about":[{"href":"https:\/\/www.folien-arbeiter.de\/blog\/wp-json\/wp\/v2\/types\/page"}],"author":[{"embeddable":true,"href":"https:\/\/www.folien-arbeiter.de\/blog\/wp-json\/wp\/v2\/users\/51"}],"replies":[{"embeddable":true,"href":"https:\/\/www.folien-arbeiter.de\/blog\/wp-json\/wp\/v2\/comments?post=15624"}],"version-history":[{"count":0,"href":"https:\/\/www.folien-arbeiter.de\/blog\/wp-json\/wp\/v2\/pages\/15624\/revisions"}],"wp:featuredmedia":[{"embeddable":true,"href":"https:\/\/www.folien-arbeiter.de\/blog\/wp-json\/wp\/v2\/media\/13379"}],"wp:attachment":[{"href":"https:\/\/www.folien-arbeiter.de\/blog\/wp-json\/wp\/v2\/media?parent=15624"}],"curies":[{"name":"wp","href":"https:\/\/api.w.org\/{rel}","templated":true}]}}